{"id":138,"date":"2014-11-04T13:30:37","date_gmt":"2014-11-04T13:30:37","guid":{"rendered":"http:\/\/allsleep.be\/?page_id=138"},"modified":"2019-03-09T10:36:35","modified_gmt":"2019-03-09T10:36:35","slug":"matras","status":"publish","type":"page","link":"https:\/\/allsleep.be\/?page_id=138","title":{"rendered":"Verenmatrassen"},"content":{"rendered":"<p>&nbsp;<\/p>\n<div class=\"content\">\n<h1>Recoil\u00ae Pocketveren<\/h1>\n<p><a href=\"http:\/\/allsleep.be\/?attachment_id=1163\" rel=\"attachment wp-att-1163\"><img loading=\"lazy\" decoding=\"async\" data-attachment-id=\"1163\" data-permalink=\"https:\/\/allsleep.be\/?attachment_id=1163\" data-orig-file=\"https:\/\/allsleep.be\/wp-content\/uploads\/2019\/03\/recoil-pocketveren-115.jpg\" data-orig-size=\"1280,854\" data-comments-opened=\"0\" data-image-meta=\"{&quot;aperture&quot;:&quot;0&quot;,&quot;credit&quot;:&quot;&quot;,&quot;camera&quot;:&quot;&quot;,&quot;caption&quot;:&quot;&quot;,&quot;created_timestamp&quot;:&quot;0&quot;,&quot;copyright&quot;:&quot;&quot;,&quot;focal_length&quot;:&quot;0&quot;,&quot;iso&quot;:&quot;0&quot;,&quot;shutter_speed&quot;:&quot;0&quot;,&quot;title&quot;:&quot;&quot;,&quot;orientation&quot;:&quot;0&quot;}\" data-image-title=\"recoil-pocketveren-115\" data-image-description=\"\" data-image-caption=\"\" data-medium-file=\"https:\/\/allsleep.be\/wp-content\/uploads\/2019\/03\/recoil-pocketveren-115-300x200.jpg\" data-large-file=\"https:\/\/allsleep.be\/wp-content\/uploads\/2019\/03\/recoil-pocketveren-115-1024x683.jpg\" class=\"alignnone size-full wp-image-1163\" src=\"http:\/\/allsleep.be\/wp-content\/uploads\/2019\/03\/recoil-pocketveren-115.jpg\" alt=\"\" width=\"1280\" height=\"854\" srcset=\"https:\/\/allsleep.be\/wp-content\/uploads\/2019\/03\/recoil-pocketveren-115.jpg 1280w, https:\/\/allsleep.be\/wp-content\/uploads\/2019\/03\/recoil-pocketveren-115-300x200.jpg 300w, https:\/\/allsleep.be\/wp-content\/uploads\/2019\/03\/recoil-pocketveren-115-768x512.jpg 768w, https:\/\/allsleep.be\/wp-content\/uploads\/2019\/03\/recoil-pocketveren-115-1024x683.jpg 1024w\" sizes=\"auto, (max-width: 1280px) 100vw, 1280px\" \/><\/a><\/p>\n<div class=\"text\">\n<p>De\u00a0Recoil\u00ae-veren zijn tonvormig en behouden onder elke hoekbelasting dezelfde prestaties: krachtig, evenredige en bl\u0133vende hypertensie of terugveerkracht. Ze garanderen een maximale ondersteuning t\u0133dens het slapen en een begeleidende stuwkracht t\u0133dens het bewegen in de slaap. De speciale voorspanning gaat bovendien kuilvorming tegen.<\/p>\n<p>Recoil\u00ae<\/p>\n<ul>\n<li>tonvormig<\/li>\n<li>individuele werking<\/li>\n<li>bevat 25% meer staal<\/li>\n<li>heeft meer windingen dan een klassieke veer<\/li>\n<li>voorspanning tegen kuilvorming<\/li>\n<li>afzonderlijk verpakt in geruisloze zakjes van\u00a0van synthetisch non-woven materiaal<\/li>\n<li>duurzaam\u00a0en milieuvriendelijk<\/li>\n<\/ul>\n<\/div>\n<\/div>\n<h2><span style=\"color: #000000;\"><span style=\"text-decoration: underline;\">\u00a0<\/span><\/span><\/h2>\n<p><strong>\u00a0Bonellveren <a href=\"http:\/\/allsleep.be\/wp-content\/uploads\/2014\/11\/bonellveer.png\"><img loading=\"lazy\" decoding=\"async\" data-attachment-id=\"141\" data-permalink=\"https:\/\/allsleep.be\/?attachment_id=141\" data-orig-file=\"https:\/\/allsleep.be\/wp-content\/uploads\/2014\/11\/bonellveer.png\" data-orig-size=\"199,161\" data-comments-opened=\"0\" data-image-meta=\"{&quot;aperture&quot;:&quot;0&quot;,&quot;credit&quot;:&quot;&quot;,&quot;camera&quot;:&quot;&quot;,&quot;caption&quot;:&quot;&quot;,&quot;created_timestamp&quot;:&quot;0&quot;,&quot;copyright&quot;:&quot;&quot;,&quot;focal_length&quot;:&quot;0&quot;,&quot;iso&quot;:&quot;0&quot;,&quot;shutter_speed&quot;:&quot;0&quot;,&quot;title&quot;:&quot;&quot;,&quot;orientation&quot;:&quot;0&quot;}\" data-image-title=\"bonellveer\" data-image-description=\"\" data-image-caption=\"\" data-medium-file=\"https:\/\/allsleep.be\/wp-content\/uploads\/2014\/11\/bonellveer.png\" data-large-file=\"https:\/\/allsleep.be\/wp-content\/uploads\/2014\/11\/bonellveer.png\" class=\"alignright size-full wp-image-141\" src=\"http:\/\/allsleep.be\/wp-content\/uploads\/2014\/11\/bonellveer.png\" alt=\"bonellveer\" width=\"199\" height=\"161\" \/><\/a><\/strong><\/p>\n<p>De bonellveren (of biconische veren) zijn aan de uiteinden wijder dan in het midden. Ze zijn voor hun stabiliteit boven- en onderaan met elkaar verbonden door een spiraaldraad en zijn stugger dan de zakjesveren. Een bonellverenmatras is <em>vlakelastisch<\/em><\/p>\n<p><strong>Zakjesveren <a href=\"http:\/\/allsleep.be\/wp-content\/uploads\/2014\/11\/pocketveermatras.jpg\"><img loading=\"lazy\" decoding=\"async\" data-attachment-id=\"137\" data-permalink=\"https:\/\/allsleep.be\/?attachment_id=137\" data-orig-file=\"https:\/\/allsleep.be\/wp-content\/uploads\/2014\/11\/pocketveermatras.jpg\" data-orig-size=\"259,194\" data-comments-opened=\"0\" data-image-meta=\"{&quot;aperture&quot;:&quot;0&quot;,&quot;credit&quot;:&quot;&quot;,&quot;camera&quot;:&quot;&quot;,&quot;caption&quot;:&quot;&quot;,&quot;created_timestamp&quot;:&quot;0&quot;,&quot;copyright&quot;:&quot;&quot;,&quot;focal_length&quot;:&quot;0&quot;,&quot;iso&quot;:&quot;0&quot;,&quot;shutter_speed&quot;:&quot;0&quot;,&quot;title&quot;:&quot;&quot;,&quot;orientation&quot;:&quot;0&quot;}\" data-image-title=\"pocketveermatras\" data-image-description=\"\" data-image-caption=\"\" data-medium-file=\"https:\/\/allsleep.be\/wp-content\/uploads\/2014\/11\/pocketveermatras.jpg\" data-large-file=\"https:\/\/allsleep.be\/wp-content\/uploads\/2014\/11\/pocketveermatras.jpg\" class=\"alignright wp-image-137 size-full\" src=\"http:\/\/allsleep.be\/wp-content\/uploads\/2014\/11\/pocketveermatras.jpg\" alt=\"pocketveermatras\" width=\"259\" height=\"194\" \/><\/a><\/strong><\/p>\n<p>Zakjesveren &#8211; ook wel pocketveren genoemd &#8211; worden meestal onder voorspanning verpakt in textielzakjes.\u00a0 Het aantal veren kan vari\u00ebren van 200 tot meer dan 300 per vierkante meter. De meeste veren van dit type zijn cilindrisch (overal\u00a0even wijd) of tonvormig (breder in het midden). Meestal staan de veren in rijen opgelijnd. Dat resulteert in een uiterst soepel en goed buigbare matraskern met een hoog draagvermogen &#8211; prima geschikt voor verstelbare bedbodems.\u00a0 De veren bewegen individueel en onafhankelijk van elkaar, maar zijn\u00a0onderling verbonden. Dat maakt de matras stabiel. Boven op de veren komt een soepele drukverdeler, en daarbovenop heb je dan nog een of meer afdeklagen van schuim of latex. De kwaliteit van die afdeklaag bepaalt voor een groot deel het comfort en de levensduur van de matras. De meeste afdeklagen zijn tussen 3 en 5 cm dik. Ga je dunner dan 2,5 cm, dan zul je sneller de pocketveren voelen, wat natuurlijk niet de bedoeling is<\/p>\n<div class=\"media\"><\/div>\n<p>&nbsp;<\/p>\n<p>&nbsp;<\/p>\n","protected":false},"excerpt":{"rendered":"<p>&nbsp; Recoil\u00ae Pocketveren De\u00a0Recoil\u00ae-veren zijn tonvormig en behouden onder elke hoekbelasting dezelfde prestaties: krachtig, evenredige en bl\u0133vende hypertensie of terugveerkracht. Ze garanderen een maximale ondersteuning t\u0133dens het slapen en een begeleidende stuwkracht t\u0133dens het bewegen in de slaap. De speciale voorspanning gaat bovendien kuilvorming tegen. Recoil\u00ae tonvormig individuele werking bevat 25% meer staal heeft meer &hellip; <a href=\"https:\/\/allsleep.be\/?page_id=138\" class=\"more-link\">Lees verder <span class=\"screen-reader-text\">Verenmatrassen<\/span> <span class=\"meta-nav\">&rarr;<\/span><\/a><\/p>\n","protected":false},"author":1,"featured_media":0,"parent":0,"menu_order":0,"comment_status":"closed","ping_status":"closed","template":"","meta":{"_exactmetrics_skip_tracking":false,"_exactmetrics_sitenote_active":false,"_exactmetrics_sitenote_note":"","_exactmetrics_sitenote_category":0,"jetpack_post_was_ever_published":false,"two_page_speed":[],"footnotes":""},"categories":[6],"tags":[],"class_list":["post-138","page","type-page","status-publish","hentry","category-matras"],"jetpack_shortlink":"https:\/\/wp.me\/P5fuMi-2e","jetpack_likes_enabled":true,"jetpack-related-posts":[{"id":107,"url":"https:\/\/allsleep.be\/?page_id=107","url_meta":{"origin":138,"position":0},"title":"De basics van een goed bed","author":"allsleep","date":"november 4, 2014","format":false,"excerpt":"\u00a0 Conformiteit, hardheid, warmte-isolatie en vochtregulatie : die vier eigenschappen van het bed zijn fundamenteel voor een goede nachtrust. Conformiteit Conformiteit geeft aan hoe goed je slaapsysteem zich aanpast aan je lichaamsvormen, rekening houdend met de verdeling van je gewicht over je lichaam. Hardheid Hardheid geeft aan hoe diep we\u2026","rel":"","context":"In &quot;Gezond slapen&quot;","block_context":{"text":"Gezond slapen","link":"https:\/\/allsleep.be\/?cat=1"},"img":{"alt_text":"","src":"https:\/\/i0.wp.com\/allsleep.be\/wp-content\/uploads\/2019\/03\/basica.jpg?resize=350%2C200","width":350,"height":200,"srcset":"https:\/\/i0.wp.com\/allsleep.be\/wp-content\/uploads\/2019\/03\/basica.jpg?resize=350%2C200 1x, https:\/\/i0.wp.com\/allsleep.be\/wp-content\/uploads\/2019\/03\/basica.jpg?resize=525%2C300 1.5x, https:\/\/i0.wp.com\/allsleep.be\/wp-content\/uploads\/2019\/03\/basica.jpg?resize=700%2C400 2x, https:\/\/i0.wp.com\/allsleep.be\/wp-content\/uploads\/2019\/03\/basica.jpg?resize=1050%2C600 3x"},"classes":[]},{"id":809,"url":"https:\/\/allsleep.be\/?page_id=809","url_meta":{"origin":138,"position":1},"title":"Mybed matrassen","author":"allsleep","date":"november 5, 2016","format":false,"excerpt":"Uw vorm is onze norm Het ultieme slaapcomfort op maat van uw lichaam Mybed matrassen beantwoorden aan de hoge eis om de ondersteuning van uw lichaam perfect en naadloos aan te laten sluiten op de vorm van uw lichaam. Om op een later tijdstip rugklachten te vermijden is het belangrijk\u2026","rel":"","context":"Soortgelijk bericht","block_context":{"text":"Soortgelijk bericht","link":""},"img":{"alt_text":"","src":"https:\/\/i0.wp.com\/allsleep.be\/wp-content\/uploads\/2019\/03\/uw-vorm-is-onze-norm-157.jpg?resize=350%2C200","width":350,"height":200,"srcset":"https:\/\/i0.wp.com\/allsleep.be\/wp-content\/uploads\/2019\/03\/uw-vorm-is-onze-norm-157.jpg?resize=350%2C200 1x, https:\/\/i0.wp.com\/allsleep.be\/wp-content\/uploads\/2019\/03\/uw-vorm-is-onze-norm-157.jpg?resize=525%2C300 1.5x, https:\/\/i0.wp.com\/allsleep.be\/wp-content\/uploads\/2019\/03\/uw-vorm-is-onze-norm-157.jpg?resize=700%2C400 2x, https:\/\/i0.wp.com\/allsleep.be\/wp-content\/uploads\/2019\/03\/uw-vorm-is-onze-norm-157.jpg?resize=1050%2C600 3x"},"classes":[]},{"id":503,"url":"https:\/\/allsleep.be\/?page_id=503","url_meta":{"origin":138,"position":2},"title":"Brinkhaus dekbedden","author":"allsleep","date":"januari 25, 2015","format":false,"excerpt":"Dekbed met dons of wol gevuld.\u00a0 Een dons dekbed wordt gevuld met dons en veertjes. De veertjes maken dat het dekbed niet gaat samenklitten, terwijl het dons zorgt voor isolatie van de lichaamswarmte. Een echt donzen dekbed bestaat voor minstens uit 65% dons. Een donspercentage van 95% is het maximum.\u2026","rel":"","context":"Soortgelijk bericht","block_context":{"text":"Soortgelijk bericht","link":""},"img":{"alt_text":"","src":"https:\/\/i0.wp.com\/allsleep.be\/wp-content\/uploads\/2014\/10\/p_14.jpg?resize=350%2C200&ssl=1","width":350,"height":200,"srcset":"https:\/\/i0.wp.com\/allsleep.be\/wp-content\/uploads\/2014\/10\/p_14.jpg?resize=350%2C200&ssl=1 1x, https:\/\/i0.wp.com\/allsleep.be\/wp-content\/uploads\/2014\/10\/p_14.jpg?resize=525%2C300&ssl=1 1.5x"},"classes":[]},{"id":526,"url":"https:\/\/allsleep.be\/?page_id=526","url_meta":{"origin":138,"position":3},"title":"Matrasbeschermers","author":"allsleep","date":"januari 28, 2015","format":false,"excerpt":"Beschermers Wij werken met verschillende soorten matrasbeschermers die beschikbaar zijn in alle\u00a0gebruikelijke afmetingen (ook eventueel maatwerk): Moltons zijn de meest gebruikte soorten. Meestal zit er stretch verwerkt in de hedendaagse moltons om ze beter te laten aansluiten\u00a0aan de vorm van de matras. Ook voor uw kussen kunt u een moltonbeschermer\u2026","rel":"","context":"Soortgelijk bericht","block_context":{"text":"Soortgelijk bericht","link":""},"img":{"alt_text":"","src":"","width":0,"height":0},"classes":[]},{"id":208,"url":"https:\/\/allsleep.be\/?page_id=208","url_meta":{"origin":138,"position":4},"title":"Latexmatrassen","author":"allsleep","date":"november 18, 2014","format":false,"excerpt":"\u00a0 Latexmatrassen \u00a0 \u00a0 \u00a0 \u00a0 Latexmatrassen of schuimrubbermatrassen bestaan uit kleine, geschuimde rubberdeeltjes.\u00a0 Matrassen kunnen bestaan uit synthetische latex, natuurlatex of een combinatie van beide.\u00a0\u00a0\u00a0\u00a0\u00a0\u00a0\u00a0\u00a0\u00a0\u00a0 Het\u00a0 productieproces lijkt een beetje op het bakken van wafels: een vloeibare, luchtig opgeklopte massa wordt in een vorm gegoten en gebakken. Warmte-isolatie, vochtregulatie\u2026","rel":"","context":"In &quot;Matrassen&quot;","block_context":{"text":"Matrassen","link":"https:\/\/allsleep.be\/?cat=6"},"img":{"alt_text":"","src":"","width":0,"height":0},"classes":[]},{"id":261,"url":"https:\/\/allsleep.be\/?page_id=261","url_meta":{"origin":138,"position":5},"title":"Visco-elastisch schuim","author":"allsleep","date":"november 18, 2014","format":false,"excerpt":"Visco-elastisch schuim Visco-elastisch schuim wordt ook weleens traagschuim, drukverlagend schuim, NASA -schuim of lazyfoam genoemd. De lichaamswarmte en het gewicht van de slaper maken het zachter : je duwt erop en het vloeit als het ware van je weg, zonder dat je weet wanneer het stopt. Daar komt de naam\u2026","rel":"","context":"In &quot;Matrassen&quot;","block_context":{"text":"Matrassen","link":"https:\/\/allsleep.be\/?cat=6"},"img":{"alt_text":"","src":"","width":0,"height":0},"classes":[]}],"jetpack_sharing_enabled":true,"_links":{"self":[{"href":"https:\/\/allsleep.be\/index.php?rest_route=\/wp\/v2\/pages\/138","targetHints":{"allow":["GET"]}}],"collection":[{"href":"https:\/\/allsleep.be\/index.php?rest_route=\/wp\/v2\/pages"}],"about":[{"href":"https:\/\/allsleep.be\/index.php?rest_route=\/wp\/v2\/types\/page"}],"author":[{"embeddable":true,"href":"https:\/\/allsleep.be\/index.php?rest_route=\/wp\/v2\/users\/1"}],"replies":[{"embeddable":true,"href":"https:\/\/allsleep.be\/index.php?rest_route=%2Fwp%2Fv2%2Fcomments&post=138"}],"version-history":[{"count":5,"href":"https:\/\/allsleep.be\/index.php?rest_route=\/wp\/v2\/pages\/138\/revisions"}],"predecessor-version":[{"id":1164,"href":"https:\/\/allsleep.be\/index.php?rest_route=\/wp\/v2\/pages\/138\/revisions\/1164"}],"wp:attachment":[{"href":"https:\/\/allsleep.be\/index.php?rest_route=%2Fwp%2Fv2%2Fmedia&parent=138"}],"wp:term":[{"taxonomy":"category","embeddable":true,"href":"https:\/\/allsleep.be\/index.php?rest_route=%2Fwp%2Fv2%2Fcategories&post=138"},{"taxonomy":"post_tag","embeddable":true,"href":"https:\/\/allsleep.be\/index.php?rest_route=%2Fwp%2Fv2%2Ftags&post=138"}],"curies":[{"name":"wp","href":"https:\/\/api.w.org\/{rel}","templated":true}]}}