{"id":1814,"date":"2023-05-05T13:55:17","date_gmt":"2023-05-05T13:55:17","guid":{"rendered":"https:\/\/allsleep.be\/?page_id=1814"},"modified":"2023-05-05T13:58:46","modified_gmt":"2023-05-05T13:58:46","slug":"brun-de-vian-tiran","status":"publish","type":"page","link":"https:\/\/allsleep.be\/?page_id=1814","title":{"rendered":"BRUN DE VIAN-TIRAN"},"content":{"rendered":"","protected":false},"excerpt":{"rendered":"","protected":false},"author":1,"featured_media":0,"parent":0,"menu_order":0,"comment_status":"closed","ping_status":"closed","template":"","meta":{"_exactmetrics_skip_tracking":false,"_exactmetrics_sitenote_active":false,"_exactmetrics_sitenote_note":"","_exactmetrics_sitenote_category":0,"jetpack_post_was_ever_published":false,"two_page_speed":[],"footnotes":""},"categories":[],"tags":[],"class_list":["post-1814","page","type-page","status-publish","hentry"],"jetpack_shortlink":"https:\/\/wp.me\/P5fuMi-tg","jetpack_likes_enabled":true,"jetpack-related-posts":[{"id":107,"url":"https:\/\/allsleep.be\/?page_id=107","url_meta":{"origin":1814,"position":0},"title":"De basics van een goed bed","author":"allsleep","date":"november 4, 2014","format":false,"excerpt":"\u00a0 Conformiteit, hardheid, warmte-isolatie en vochtregulatie : die vier eigenschappen van het bed zijn fundamenteel voor een goede nachtrust. Conformiteit Conformiteit geeft aan hoe goed je slaapsysteem zich aanpast aan je lichaamsvormen, rekening houdend met de verdeling van je gewicht over je lichaam. Hardheid Hardheid geeft aan hoe diep we\u2026","rel":"","context":"In &quot;Gezond slapen&quot;","block_context":{"text":"Gezond slapen","link":"https:\/\/allsleep.be\/?cat=1"},"img":{"alt_text":"","src":"https:\/\/i0.wp.com\/allsleep.be\/wp-content\/uploads\/2019\/03\/basica.jpg?resize=350%2C200","width":350,"height":200,"srcset":"https:\/\/i0.wp.com\/allsleep.be\/wp-content\/uploads\/2019\/03\/basica.jpg?resize=350%2C200 1x, https:\/\/i0.wp.com\/allsleep.be\/wp-content\/uploads\/2019\/03\/basica.jpg?resize=525%2C300 1.5x, https:\/\/i0.wp.com\/allsleep.be\/wp-content\/uploads\/2019\/03\/basica.jpg?resize=700%2C400 2x, https:\/\/i0.wp.com\/allsleep.be\/wp-content\/uploads\/2019\/03\/basica.jpg?resize=1050%2C600 3x"},"classes":[]},{"id":809,"url":"https:\/\/allsleep.be\/?page_id=809","url_meta":{"origin":1814,"position":1},"title":"Mybed matrassen","author":"allsleep","date":"november 5, 2016","format":false,"excerpt":"Uw vorm is onze norm Het ultieme slaapcomfort op maat van uw lichaam Mybed matrassen beantwoorden aan de hoge eis om de ondersteuning van uw lichaam perfect en naadloos aan te laten sluiten op de vorm van uw lichaam. Om op een later tijdstip rugklachten te vermijden is het belangrijk\u2026","rel":"","context":"Soortgelijk bericht","block_context":{"text":"Soortgelijk bericht","link":""},"img":{"alt_text":"","src":"https:\/\/i0.wp.com\/allsleep.be\/wp-content\/uploads\/2019\/03\/uw-vorm-is-onze-norm-157.jpg?resize=350%2C200","width":350,"height":200,"srcset":"https:\/\/i0.wp.com\/allsleep.be\/wp-content\/uploads\/2019\/03\/uw-vorm-is-onze-norm-157.jpg?resize=350%2C200 1x, https:\/\/i0.wp.com\/allsleep.be\/wp-content\/uploads\/2019\/03\/uw-vorm-is-onze-norm-157.jpg?resize=525%2C300 1.5x, https:\/\/i0.wp.com\/allsleep.be\/wp-content\/uploads\/2019\/03\/uw-vorm-is-onze-norm-157.jpg?resize=700%2C400 2x, https:\/\/i0.wp.com\/allsleep.be\/wp-content\/uploads\/2019\/03\/uw-vorm-is-onze-norm-157.jpg?resize=1050%2C600 3x"},"classes":[]},{"id":185,"url":"https:\/\/allsleep.be\/?page_id=185","url_meta":{"origin":1814,"position":2},"title":"Schuimmatrassen","author":"allsleep","date":"november 4, 2014","format":false,"excerpt":"De kern van een schuimmatras bestaat uit \u00e9\u00e9n groot blok schuim. We bekijken dadelijk hoe dat schuim eruitziet en welke soorten er allemaal bestaan, maar eerst sommen we de factoren op die bepalend zijn voor de kwaliteit van de matras. 1. Dichtheid Onder de dichtheid of densiteit verstaan we het\u2026","rel":"","context":"In &quot;Matrassen&quot;","block_context":{"text":"Matrassen","link":"https:\/\/allsleep.be\/?cat=6"},"img":{"alt_text":"","src":"https:\/\/i0.wp.com\/allsleep.be\/wp-content\/uploads\/2014\/11\/schuimrubber-300x240.jpg?resize=350%2C200","width":350,"height":200},"classes":[]},{"id":800,"url":"https:\/\/allsleep.be\/?page_id=800","url_meta":{"origin":1814,"position":3},"title":"i-Bed","author":"allsleep","date":"november 5, 2016","format":false,"excerpt":"Een betere nachtrust door een betere houding. (Made in Belgium) https:\/\/player.vimeo.com\/video\/189893418 'i-Bed' is gebaseerd op een unieke i-Bed lattenbodem die zich naadloos aanpast aan je lichaam. De combinatie met de speciale fullbody viscogel matras garandeert U een hoogstaand gepersonaliseerd slaapcomfort. Een rechte rug = een goede slaaphouding. i-Bed werkt met\u2026","rel":"","context":"Soortgelijk bericht","block_context":{"text":"Soortgelijk bericht","link":""},"img":{"alt_text":"","src":"","width":0,"height":0},"classes":[]},{"id":138,"url":"https:\/\/allsleep.be\/?page_id=138","url_meta":{"origin":1814,"position":4},"title":"Verenmatrassen","author":"allsleep","date":"november 4, 2014","format":false,"excerpt":"\u00a0 Recoil\u00ae Pocketveren De\u00a0Recoil\u00ae-veren zijn tonvormig en behouden onder elke hoekbelasting dezelfde prestaties: krachtig, evenredige en bl\u0133vende hypertensie of terugveerkracht. Ze garanderen een maximale ondersteuning t\u0133dens het slapen en een begeleidende stuwkracht t\u0133dens het bewegen in de slaap. De speciale voorspanning gaat bovendien kuilvorming tegen. Recoil\u00ae tonvormig individuele werking bevat\u2026","rel":"","context":"In &quot;Matrassen&quot;","block_context":{"text":"Matrassen","link":"https:\/\/allsleep.be\/?cat=6"},"img":{"alt_text":"","src":"https:\/\/i0.wp.com\/allsleep.be\/wp-content\/uploads\/2019\/03\/recoil-pocketveren-115.jpg?resize=350%2C200","width":350,"height":200,"srcset":"https:\/\/i0.wp.com\/allsleep.be\/wp-content\/uploads\/2019\/03\/recoil-pocketveren-115.jpg?resize=350%2C200 1x, https:\/\/i0.wp.com\/allsleep.be\/wp-content\/uploads\/2019\/03\/recoil-pocketveren-115.jpg?resize=525%2C300 1.5x, https:\/\/i0.wp.com\/allsleep.be\/wp-content\/uploads\/2019\/03\/recoil-pocketveren-115.jpg?resize=700%2C400 2x, https:\/\/i0.wp.com\/allsleep.be\/wp-content\/uploads\/2019\/03\/recoil-pocketveren-115.jpg?resize=1050%2C600 3x"},"classes":[]},{"id":805,"url":"https:\/\/allsleep.be\/?page_id=805","url_meta":{"origin":1814,"position":5},"title":"Mybed veersysteem","author":"allsleep","date":"november 5, 2016","format":false,"excerpt":"\u00a0 Dit uniek veersysteem van druk en tegendruk zorgt altijd voor de juiste slaaphouding. De zelfregulerende bedbodem, beweegt ongemerkt mee met elke beweging en ondersteunt uw lichaam perfect in elke slaaphouding. De interactieve bedbodem maakt gebruik van latten die door \u00a0 \u00a0 \u00a0 \u00a0 \u00a0 \u00a03D-elementen worden aangestuurd en is\u2026","rel":"","context":"Soortgelijk bericht","block_context":{"text":"Soortgelijk bericht","link":""},"img":{"alt_text":"","src":"https:\/\/i0.wp.com\/allsleep.be\/wp-content\/uploads\/2019\/03\/photo-122-e1552133130967.jpg?resize=350%2C200","width":350,"height":200},"classes":[]}],"jetpack_sharing_enabled":true,"_links":{"self":[{"href":"https:\/\/allsleep.be\/index.php?rest_route=\/wp\/v2\/pages\/1814","targetHints":{"allow":["GET"]}}],"collection":[{"href":"https:\/\/allsleep.be\/index.php?rest_route=\/wp\/v2\/pages"}],"about":[{"href":"https:\/\/allsleep.be\/index.php?rest_route=\/wp\/v2\/types\/page"}],"author":[{"embeddable":true,"href":"https:\/\/allsleep.be\/index.php?rest_route=\/wp\/v2\/users\/1"}],"replies":[{"embeddable":true,"href":"https:\/\/allsleep.be\/index.php?rest_route=%2Fwp%2Fv2%2Fcomments&post=1814"}],"version-history":[{"count":2,"href":"https:\/\/allsleep.be\/index.php?rest_route=\/wp\/v2\/pages\/1814\/revisions"}],"predecessor-version":[{"id":1818,"href":"https:\/\/allsleep.be\/index.php?rest_route=\/wp\/v2\/pages\/1814\/revisions\/1818"}],"wp:attachment":[{"href":"https:\/\/allsleep.be\/index.php?rest_route=%2Fwp%2Fv2%2Fmedia&parent=1814"}],"wp:term":[{"taxonomy":"category","embeddable":true,"href":"https:\/\/allsleep.be\/index.php?rest_route=%2Fwp%2Fv2%2Fcategories&post=1814"},{"taxonomy":"post_tag","embeddable":true,"href":"https:\/\/allsleep.be\/index.php?rest_route=%2Fwp%2Fv2%2Ftags&post=1814"}],"curies":[{"name":"wp","href":"https:\/\/api.w.org\/{rel}","templated":true}]}}