{"id":204,"date":"2014-11-18T09:03:42","date_gmt":"2014-11-18T09:03:42","guid":{"rendered":"http:\/\/allsleep.be\/?page_id=204"},"modified":"2015-01-16T08:47:59","modified_gmt":"2015-01-16T08:47:59","slug":"lattenbodems-2","status":"publish","type":"page","link":"https:\/\/allsleep.be\/?page_id=204","title":{"rendered":"Bedbodems"},"content":{"rendered":"<p>In de westerse wereld dachten we vroeger nauwelijks na over goede bedden. Mensen sliepen op strozakken, en later op uitgezakte matrassen en doorgelegen spiralen. In de jaren vijftig werd opeens het slapen op een harde bedbodem gepropageerd als remedie tegen rugklachten. De waterbedden en het zachte slapen maakten furore in de jaren tachtig. Tegenwoordig denken we veel genuanceerder over slaapsystemen en onderscheiden we drie belangrijke onderdelen : de matras, de bedbodem of matrasdragen, en het hoofdkussen. Die drie samen bepalen de conformiteit van het slaapsysteem.<\/p>\n<p>Er bestaan vier soorten bedbodems :<\/p>\n<p><a href=\"http:\/\/allsleep.be\/?page_id=226\">Lattenbodems<\/a><\/p>\n<p><a href=\"http:\/\/allsleep.be\/?page_id=232\">Schotelbodems<\/a><\/p>\n<p><a href=\"http:\/\/allsleep.be\/?page_id=237\">Spiraalbodems<\/a><\/p>\n<p><a href=\"%20http:\/\/allsleep.be\/?page_id=248\">Boxsprings<\/a><\/p>\n","protected":false},"excerpt":{"rendered":"<p>In de westerse wereld dachten we vroeger nauwelijks na over goede bedden. Mensen sliepen op strozakken, en later op uitgezakte matrassen en doorgelegen spiralen. In de jaren vijftig werd opeens het slapen op een harde bedbodem gepropageerd als remedie tegen rugklachten. De waterbedden en het zachte slapen maakten furore in de jaren tachtig. Tegenwoordig denken &hellip; <a href=\"https:\/\/allsleep.be\/?page_id=204\" class=\"more-link\">Lees verder <span class=\"screen-reader-text\">Bedbodems<\/span> <span class=\"meta-nav\">&rarr;<\/span><\/a><\/p>\n","protected":false},"author":1,"featured_media":0,"parent":0,"menu_order":0,"comment_status":"closed","ping_status":"closed","template":"","meta":{"_exactmetrics_skip_tracking":false,"_exactmetrics_sitenote_active":false,"_exactmetrics_sitenote_note":"","_exactmetrics_sitenote_category":0,"jetpack_post_was_ever_published":false,"two_page_speed":[],"footnotes":""},"categories":[],"tags":[],"class_list":["post-204","page","type-page","status-publish","hentry"],"jetpack_shortlink":"https:\/\/wp.me\/P5fuMi-3i","jetpack_likes_enabled":true,"jetpack-related-posts":[{"id":138,"url":"https:\/\/allsleep.be\/?page_id=138","url_meta":{"origin":204,"position":0},"title":"Verenmatrassen","author":"allsleep","date":"november 4, 2014","format":false,"excerpt":"\u00a0 Recoil\u00ae Pocketveren De\u00a0Recoil\u00ae-veren zijn tonvormig en behouden onder elke hoekbelasting dezelfde prestaties: krachtig, evenredige en bl\u0133vende hypertensie of terugveerkracht. Ze garanderen een maximale ondersteuning t\u0133dens het slapen en een begeleidende stuwkracht t\u0133dens het bewegen in de slaap. De speciale voorspanning gaat bovendien kuilvorming tegen. Recoil\u00ae tonvormig individuele werking bevat\u2026","rel":"","context":"In &quot;Matrassen&quot;","block_context":{"text":"Matrassen","link":"https:\/\/allsleep.be\/?cat=6"},"img":{"alt_text":"","src":"https:\/\/i0.wp.com\/allsleep.be\/wp-content\/uploads\/2019\/03\/recoil-pocketveren-115.jpg?resize=350%2C200","width":350,"height":200,"srcset":"https:\/\/i0.wp.com\/allsleep.be\/wp-content\/uploads\/2019\/03\/recoil-pocketveren-115.jpg?resize=350%2C200 1x, https:\/\/i0.wp.com\/allsleep.be\/wp-content\/uploads\/2019\/03\/recoil-pocketveren-115.jpg?resize=525%2C300 1.5x, https:\/\/i0.wp.com\/allsleep.be\/wp-content\/uploads\/2019\/03\/recoil-pocketveren-115.jpg?resize=700%2C400 2x, https:\/\/i0.wp.com\/allsleep.be\/wp-content\/uploads\/2019\/03\/recoil-pocketveren-115.jpg?resize=1050%2C600 3x"},"classes":[]},{"id":237,"url":"https:\/\/allsleep.be\/?page_id=237","url_meta":{"origin":204,"position":1},"title":"Spiraalbodem","author":"allsleep","date":"november 18, 2014","format":false,"excerpt":"Spiraalbodems De basis van een spiraalbodem is een stalen frame. Daarin zijn zo'n vierhonderd onderling vervlochten stalen veren bevestigd. De veren liggen op exact dezelfde hoogte als het frame.\u00a0 Bij toenemende belasting zal de weerstand van de spiraal stijgen. Een spiraalbodem heeft een matige conformiteit, maar een zeer goede vochtdoorlating.","rel":"","context":"In &quot;Bedbodems&quot;","block_context":{"text":"Bedbodems","link":"https:\/\/allsleep.be\/?cat=9"},"img":{"alt_text":"","src":"","width":0,"height":0},"classes":[]},{"id":226,"url":"https:\/\/allsleep.be\/?page_id=226","url_meta":{"origin":204,"position":2},"title":"Lattenbodem","author":"allsleep","date":"november 18, 2014","format":false,"excerpt":"Een lattenbodem bestaat uit een houten of metalen frame met daarin latten die kunnen veren en soms ook kantelen. De latten zijn gemaakt van hout, glasvezel of een combinatie van materialen en worden onder druk opgespannen in het frame. Het aantal latten per lattenbodem kan nogal verschillen: van 14 tot\u2026","rel":"","context":"In &quot;Bedbodems&quot;","block_context":{"text":"Bedbodems","link":"https:\/\/allsleep.be\/?cat=9"},"img":{"alt_text":"","src":"","width":0,"height":0},"classes":[]},{"id":164,"url":"https:\/\/allsleep.be\/?page_id=164","url_meta":{"origin":204,"position":3},"title":"Ergonomie","author":"allsleep","date":"november 4, 2014","format":false,"excerpt":"Steeds vaker worden we in het dagelijks leven geconfronteerd met het begrip ergonomie. Het is het streven naar optimalisatie, een harmonisatie van de mens en zijn vele activiteiten. Toegepast op het domein van het levenscomfort, kunnen we stellen dat ergonomie de interactie tussen de mens en de omgeving (bv bureaustoel,\u2026","rel":"","context":"In &quot;Gezond slapen&quot;","block_context":{"text":"Gezond slapen","link":"https:\/\/allsleep.be\/?cat=1"},"img":{"alt_text":"","src":"","width":0,"height":0},"classes":[]},{"id":232,"url":"https:\/\/allsleep.be\/?page_id=232","url_meta":{"origin":204,"position":4},"title":"Schotelbodem","author":"allsleep","date":"november 18, 2014","format":false,"excerpt":"\u00a0 Schotelbodems zijn gemaakt van kunststof. Ze bestaan uit kleine schotels die gemonteerd worden op onderlatten. De schotels zijn doorgaans zachter ter hoogte van de schouders en steviger in de middenzone. Ze kunnen veren en kantelen, zijn zeer flexibel en je kunt de hardheid vaak per lichaamszone instellen. Bij een\u2026","rel":"","context":"In &quot;Bedbodems&quot;","block_context":{"text":"Bedbodems","link":"https:\/\/allsleep.be\/?cat=9"},"img":{"alt_text":"","src":"","width":0,"height":0},"classes":[]},{"id":75,"url":"https:\/\/allsleep.be\/?page_id=75","url_meta":{"origin":204,"position":5},"title":"Allergie en huisstofmijten","author":"allsleep","date":"oktober 22, 2014","format":false,"excerpt":"Steeds meer mensen hebben last van allergie\u00ebn. Ademhalingsallergie\u00ebn zijn intussen de meest verspreide vorm van allergie\u00ebn ter wereld en treffen 20 tot 30 procent van de Europeanen; 5 tot 12 procent van hen hebben last van allergische astma. Voor een deel zijn die te wijten aan onze woonomgeving : wetenschappers\u2026","rel":"","context":"In &quot;Gezond slapen&quot;","block_context":{"text":"Gezond slapen","link":"https:\/\/allsleep.be\/?cat=1"},"img":{"alt_text":"","src":"","width":0,"height":0},"classes":[]}],"jetpack_sharing_enabled":true,"_links":{"self":[{"href":"https:\/\/allsleep.be\/index.php?rest_route=\/wp\/v2\/pages\/204","targetHints":{"allow":["GET"]}}],"collection":[{"href":"https:\/\/allsleep.be\/index.php?rest_route=\/wp\/v2\/pages"}],"about":[{"href":"https:\/\/allsleep.be\/index.php?rest_route=\/wp\/v2\/types\/page"}],"author":[{"embeddable":true,"href":"https:\/\/allsleep.be\/index.php?rest_route=\/wp\/v2\/users\/1"}],"replies":[{"embeddable":true,"href":"https:\/\/allsleep.be\/index.php?rest_route=%2Fwp%2Fv2%2Fcomments&post=204"}],"version-history":[{"count":7,"href":"https:\/\/allsleep.be\/index.php?rest_route=\/wp\/v2\/pages\/204\/revisions"}],"predecessor-version":[{"id":432,"href":"https:\/\/allsleep.be\/index.php?rest_route=\/wp\/v2\/pages\/204\/revisions\/432"}],"wp:attachment":[{"href":"https:\/\/allsleep.be\/index.php?rest_route=%2Fwp%2Fv2%2Fmedia&parent=204"}],"wp:term":[{"taxonomy":"category","embeddable":true,"href":"https:\/\/allsleep.be\/index.php?rest_route=%2Fwp%2Fv2%2Fcategories&post=204"},{"taxonomy":"post_tag","embeddable":true,"href":"https:\/\/allsleep.be\/index.php?rest_route=%2Fwp%2Fv2%2Ftags&post=204"}],"curies":[{"name":"wp","href":"https:\/\/api.w.org\/{rel}","templated":true}]}}