{"id":216,"date":"2014-11-18T09:16:57","date_gmt":"2014-11-18T09:16:57","guid":{"rendered":"http:\/\/allsleep.be\/?page_id=216"},"modified":"2014-11-18T09:16:57","modified_gmt":"2014-11-18T09:16:57","slug":"synthetische-latex","status":"publish","type":"page","link":"https:\/\/allsleep.be\/?page_id=216","title":{"rendered":"Synthetische latex"},"content":{"rendered":"<p>Synthetische latex is een aardolieproduct. Matrassen die voor 100 procent uit synthetische latex bestaan, zijn minder comfortabel dan natuurlatexmatrassen.\u00a0 Alle latexmatrassen hebben een hogere dichtheid dan de meeste synthetische schuimen.<\/p>\n","protected":false},"excerpt":{"rendered":"<p>Synthetische latex is een aardolieproduct. Matrassen die voor 100 procent uit synthetische latex bestaan, zijn minder comfortabel dan natuurlatexmatrassen.\u00a0 Alle latexmatrassen hebben een hogere dichtheid dan de meeste synthetische schuimen.<\/p>\n","protected":false},"author":1,"featured_media":0,"parent":0,"menu_order":0,"comment_status":"closed","ping_status":"closed","template":"","meta":{"_exactmetrics_skip_tracking":false,"_exactmetrics_sitenote_active":false,"_exactmetrics_sitenote_note":"","_exactmetrics_sitenote_category":0,"jetpack_post_was_ever_published":false,"two_page_speed":[],"footnotes":""},"categories":[],"tags":[],"class_list":["post-216","page","type-page","status-publish","hentry"],"jetpack_shortlink":"https:\/\/wp.me\/P5fuMi-3u","jetpack_likes_enabled":true,"jetpack-related-posts":[{"id":213,"url":"https:\/\/allsleep.be\/?page_id=213","url_meta":{"origin":216,"position":0},"title":"Natuurlatex","author":"allsleep","date":"november 18, 2014","format":false,"excerpt":"\u00a0 \u00a0 Natuurlatex Natuurlatex wordt gemaakt van het sap van de rubberboom. Ook autobanden en condooms zijn vervaardigd van dit materiaal. Een natuurlatexmatras bestaat voor 50 tot 95 procent uit natuurlijk rubber, aangevuld met andere stoffen, onder meer om het materiaal blijvend elastisch te houden. Matrassen met een hoog gehalte\u2026","rel":"","context":"In &quot;Matrassen&quot;","block_context":{"text":"Matrassen","link":"https:\/\/allsleep.be\/?cat=6"},"img":{"alt_text":"","src":"","width":0,"height":0},"classes":[]},{"id":208,"url":"https:\/\/allsleep.be\/?page_id=208","url_meta":{"origin":216,"position":1},"title":"Latexmatrassen","author":"allsleep","date":"november 18, 2014","format":false,"excerpt":"\u00a0 Latexmatrassen \u00a0 \u00a0 \u00a0 \u00a0 Latexmatrassen of schuimrubbermatrassen bestaan uit kleine, geschuimde rubberdeeltjes.\u00a0 Matrassen kunnen bestaan uit synthetische latex, natuurlatex of een combinatie van beide.\u00a0\u00a0\u00a0\u00a0\u00a0\u00a0\u00a0\u00a0\u00a0\u00a0 Het\u00a0 productieproces lijkt een beetje op het bakken van wafels: een vloeibare, luchtig opgeklopte massa wordt in een vorm gegoten en gebakken. Warmte-isolatie, vochtregulatie\u2026","rel":"","context":"In &quot;Matrassen&quot;","block_context":{"text":"Matrassen","link":"https:\/\/allsleep.be\/?cat=6"},"img":{"alt_text":"","src":"","width":0,"height":0},"classes":[]},{"id":532,"url":"https:\/\/allsleep.be\/?page_id=532","url_meta":{"origin":216,"position":2},"title":"Hoofdkussens","author":"allsleep","date":"januari 28, 2015","format":false,"excerpt":"Nekklachten Een belangrijke voorwaarde voor en gezonde nachtrust is een kwalitatief slaapsysteem.\u00a0 En dat bestaat niet alleen uit een aangepaste bodem en matras, maar ook uit een hoofdkussen dat bij u past.\u00a0 Iedere slaper heeft een eigen slaapprofiel en kiest dus beter een hoofdkussen dat hierop is afgestemd.\u00a0 Afhankelijk van\u2026","rel":"","context":"Soortgelijk bericht","block_context":{"text":"Soortgelijk bericht","link":""},"img":{"alt_text":"","src":"https:\/\/i0.wp.com\/allsleep.be\/wp-content\/uploads\/2014\/10\/p_28.jpg?resize=350%2C200&ssl=1","width":350,"height":200,"srcset":"https:\/\/i0.wp.com\/allsleep.be\/wp-content\/uploads\/2014\/10\/p_28.jpg?resize=350%2C200&ssl=1 1x, https:\/\/i0.wp.com\/allsleep.be\/wp-content\/uploads\/2014\/10\/p_28.jpg?resize=525%2C300&ssl=1 1.5x"},"classes":[]},{"id":138,"url":"https:\/\/allsleep.be\/?page_id=138","url_meta":{"origin":216,"position":3},"title":"Verenmatrassen","author":"allsleep","date":"november 4, 2014","format":false,"excerpt":"\u00a0 Recoil\u00ae Pocketveren De\u00a0Recoil\u00ae-veren zijn tonvormig en behouden onder elke hoekbelasting dezelfde prestaties: krachtig, evenredige en bl\u0133vende hypertensie of terugveerkracht. Ze garanderen een maximale ondersteuning t\u0133dens het slapen en een begeleidende stuwkracht t\u0133dens het bewegen in de slaap. De speciale voorspanning gaat bovendien kuilvorming tegen. Recoil\u00ae tonvormig individuele werking bevat\u2026","rel":"","context":"In &quot;Matrassen&quot;","block_context":{"text":"Matrassen","link":"https:\/\/allsleep.be\/?cat=6"},"img":{"alt_text":"","src":"https:\/\/i0.wp.com\/allsleep.be\/wp-content\/uploads\/2019\/03\/recoil-pocketveren-115.jpg?resize=350%2C200","width":350,"height":200,"srcset":"https:\/\/i0.wp.com\/allsleep.be\/wp-content\/uploads\/2019\/03\/recoil-pocketveren-115.jpg?resize=350%2C200 1x, https:\/\/i0.wp.com\/allsleep.be\/wp-content\/uploads\/2019\/03\/recoil-pocketveren-115.jpg?resize=525%2C300 1.5x, https:\/\/i0.wp.com\/allsleep.be\/wp-content\/uploads\/2019\/03\/recoil-pocketveren-115.jpg?resize=700%2C400 2x, https:\/\/i0.wp.com\/allsleep.be\/wp-content\/uploads\/2019\/03\/recoil-pocketveren-115.jpg?resize=1050%2C600 3x"},"classes":[]},{"id":107,"url":"https:\/\/allsleep.be\/?page_id=107","url_meta":{"origin":216,"position":4},"title":"De basics van een goed bed","author":"allsleep","date":"november 4, 2014","format":false,"excerpt":"\u00a0 Conformiteit, hardheid, warmte-isolatie en vochtregulatie : die vier eigenschappen van het bed zijn fundamenteel voor een goede nachtrust. Conformiteit Conformiteit geeft aan hoe goed je slaapsysteem zich aanpast aan je lichaamsvormen, rekening houdend met de verdeling van je gewicht over je lichaam. Hardheid Hardheid geeft aan hoe diep we\u2026","rel":"","context":"In &quot;Gezond slapen&quot;","block_context":{"text":"Gezond slapen","link":"https:\/\/allsleep.be\/?cat=1"},"img":{"alt_text":"","src":"https:\/\/i0.wp.com\/allsleep.be\/wp-content\/uploads\/2019\/03\/basica.jpg?resize=350%2C200","width":350,"height":200,"srcset":"https:\/\/i0.wp.com\/allsleep.be\/wp-content\/uploads\/2019\/03\/basica.jpg?resize=350%2C200 1x, https:\/\/i0.wp.com\/allsleep.be\/wp-content\/uploads\/2019\/03\/basica.jpg?resize=525%2C300 1.5x, https:\/\/i0.wp.com\/allsleep.be\/wp-content\/uploads\/2019\/03\/basica.jpg?resize=700%2C400 2x, https:\/\/i0.wp.com\/allsleep.be\/wp-content\/uploads\/2019\/03\/basica.jpg?resize=1050%2C600 3x"},"classes":[]},{"id":248,"url":"https:\/\/allsleep.be\/?page_id=248","url_meta":{"origin":216,"position":5},"title":"Boxsprings","author":"allsleep","date":"november 18, 2014","format":false,"excerpt":"Boxspring Een boxspring - ook weleens springbak of ressortbak genoemd - is een onderconstructie in een houten frame met een groot aantal verticale binnenveren. De binnenvering wordt meestal afgedekt met een aantal toplagen, waaronder drukverdeler en schuim. Daaromheen komt nog een hoes of tijk. Je plaatst er poten onder, en\u2026","rel":"","context":"In &quot;Bedbodems&quot;","block_context":{"text":"Bedbodems","link":"https:\/\/allsleep.be\/?cat=9"},"img":{"alt_text":"","src":"","width":0,"height":0},"classes":[]}],"jetpack_sharing_enabled":true,"_links":{"self":[{"href":"https:\/\/allsleep.be\/index.php?rest_route=\/wp\/v2\/pages\/216","targetHints":{"allow":["GET"]}}],"collection":[{"href":"https:\/\/allsleep.be\/index.php?rest_route=\/wp\/v2\/pages"}],"about":[{"href":"https:\/\/allsleep.be\/index.php?rest_route=\/wp\/v2\/types\/page"}],"author":[{"embeddable":true,"href":"https:\/\/allsleep.be\/index.php?rest_route=\/wp\/v2\/users\/1"}],"replies":[{"embeddable":true,"href":"https:\/\/allsleep.be\/index.php?rest_route=%2Fwp%2Fv2%2Fcomments&post=216"}],"version-history":[{"count":1,"href":"https:\/\/allsleep.be\/index.php?rest_route=\/wp\/v2\/pages\/216\/revisions"}],"predecessor-version":[{"id":217,"href":"https:\/\/allsleep.be\/index.php?rest_route=\/wp\/v2\/pages\/216\/revisions\/217"}],"wp:attachment":[{"href":"https:\/\/allsleep.be\/index.php?rest_route=%2Fwp%2Fv2%2Fmedia&parent=216"}],"wp:term":[{"taxonomy":"category","embeddable":true,"href":"https:\/\/allsleep.be\/index.php?rest_route=%2Fwp%2Fv2%2Fcategories&post=216"},{"taxonomy":"post_tag","embeddable":true,"href":"https:\/\/allsleep.be\/index.php?rest_route=%2Fwp%2Fv2%2Ftags&post=216"}],"curies":[{"name":"wp","href":"https:\/\/api.w.org\/{rel}","templated":true}]}}