{"id":237,"date":"2014-11-18T10:21:16","date_gmt":"2014-11-18T10:21:16","guid":{"rendered":"http:\/\/allsleep.be\/?page_id=237"},"modified":"2015-01-16T10:31:43","modified_gmt":"2015-01-16T10:31:43","slug":"spiraalbodem","status":"publish","type":"page","link":"https:\/\/allsleep.be\/?page_id=237","title":{"rendered":"Spiraalbodem"},"content":{"rendered":"<p><strong>Spiraalbodems<\/strong><\/p>\n<p><a href=\"http:\/\/allsleep.be\/wp-content\/uploads\/2014\/11\/spiraalbodem.jpg\"><img loading=\"lazy\" decoding=\"async\" data-attachment-id=\"238\" data-permalink=\"https:\/\/allsleep.be\/?attachment_id=238\" data-orig-file=\"https:\/\/allsleep.be\/wp-content\/uploads\/2014\/11\/spiraalbodem.jpg\" data-orig-size=\"383,131\" data-comments-opened=\"0\" data-image-meta=\"{&quot;aperture&quot;:&quot;0&quot;,&quot;credit&quot;:&quot;&quot;,&quot;camera&quot;:&quot;&quot;,&quot;caption&quot;:&quot;&quot;,&quot;created_timestamp&quot;:&quot;0&quot;,&quot;copyright&quot;:&quot;&quot;,&quot;focal_length&quot;:&quot;0&quot;,&quot;iso&quot;:&quot;0&quot;,&quot;shutter_speed&quot;:&quot;0&quot;,&quot;title&quot;:&quot;&quot;,&quot;orientation&quot;:&quot;0&quot;}\" data-image-title=\"spiraalbodem\" data-image-description=\"\" data-image-caption=\"\" data-medium-file=\"https:\/\/allsleep.be\/wp-content\/uploads\/2014\/11\/spiraalbodem-300x102.jpg\" data-large-file=\"https:\/\/allsleep.be\/wp-content\/uploads\/2014\/11\/spiraalbodem.jpg\" class=\"alignright size-medium wp-image-238\" src=\"http:\/\/allsleep.be\/wp-content\/uploads\/2014\/11\/spiraalbodem-300x102.jpg\" alt=\"spiraalbodem\" width=\"300\" height=\"102\" srcset=\"https:\/\/allsleep.be\/wp-content\/uploads\/2014\/11\/spiraalbodem-300x102.jpg 300w, https:\/\/allsleep.be\/wp-content\/uploads\/2014\/11\/spiraalbodem.jpg 383w\" sizes=\"auto, (max-width: 300px) 100vw, 300px\" \/><\/a><a href=\"http:\/\/allsleep.be\/wp-content\/uploads\/2014\/11\/spiraalbodem.jpg\"><br \/>\n<\/a><\/p>\n<p>De basis van een spiraalbodem is een stalen frame. Daarin zijn zo&#8217;n vierhonderd onderling vervlochten stalen veren bevestigd. De veren liggen op exact dezelfde hoogte als het frame.\u00a0 Bij toenemende belasting zal de weerstand van de spiraal stijgen. Een spiraalbodem heeft een matige conformiteit, maar een zeer goede vochtdoorlating.<\/p>\n","protected":false},"excerpt":{"rendered":"<p>Spiraalbodems De basis van een spiraalbodem is een stalen frame. Daarin zijn zo&#8217;n vierhonderd onderling vervlochten stalen veren bevestigd. De veren liggen op exact dezelfde hoogte als het frame.\u00a0 Bij toenemende belasting zal de weerstand van de spiraal stijgen. Een spiraalbodem heeft een matige conformiteit, maar een zeer goede vochtdoorlating.<\/p>\n","protected":false},"author":1,"featured_media":0,"parent":0,"menu_order":0,"comment_status":"closed","ping_status":"closed","template":"","meta":{"_exactmetrics_skip_tracking":false,"_exactmetrics_sitenote_active":false,"_exactmetrics_sitenote_note":"","_exactmetrics_sitenote_category":0,"jetpack_post_was_ever_published":false,"two_page_speed":[],"footnotes":""},"categories":[9],"tags":[],"class_list":["post-237","page","type-page","status-publish","hentry","category-bedbodems"],"jetpack_shortlink":"https:\/\/wp.me\/P5fuMi-3P","jetpack_likes_enabled":true,"jetpack-related-posts":[{"id":138,"url":"https:\/\/allsleep.be\/?page_id=138","url_meta":{"origin":237,"position":0},"title":"Verenmatrassen","author":"allsleep","date":"november 4, 2014","format":false,"excerpt":"\u00a0 Recoil\u00ae Pocketveren De\u00a0Recoil\u00ae-veren zijn tonvormig en behouden onder elke hoekbelasting dezelfde prestaties: krachtig, evenredige en bl\u0133vende hypertensie of terugveerkracht. Ze garanderen een maximale ondersteuning t\u0133dens het slapen en een begeleidende stuwkracht t\u0133dens het bewegen in de slaap. De speciale voorspanning gaat bovendien kuilvorming tegen. Recoil\u00ae tonvormig individuele werking bevat\u2026","rel":"","context":"In &quot;Matrassen&quot;","block_context":{"text":"Matrassen","link":"https:\/\/allsleep.be\/?cat=6"},"img":{"alt_text":"","src":"https:\/\/i0.wp.com\/allsleep.be\/wp-content\/uploads\/2019\/03\/recoil-pocketveren-115.jpg?resize=350%2C200","width":350,"height":200,"srcset":"https:\/\/i0.wp.com\/allsleep.be\/wp-content\/uploads\/2019\/03\/recoil-pocketveren-115.jpg?resize=350%2C200 1x, https:\/\/i0.wp.com\/allsleep.be\/wp-content\/uploads\/2019\/03\/recoil-pocketveren-115.jpg?resize=525%2C300 1.5x, https:\/\/i0.wp.com\/allsleep.be\/wp-content\/uploads\/2019\/03\/recoil-pocketveren-115.jpg?resize=700%2C400 2x, https:\/\/i0.wp.com\/allsleep.be\/wp-content\/uploads\/2019\/03\/recoil-pocketveren-115.jpg?resize=1050%2C600 3x"},"classes":[]},{"id":226,"url":"https:\/\/allsleep.be\/?page_id=226","url_meta":{"origin":237,"position":1},"title":"Lattenbodem","author":"allsleep","date":"november 18, 2014","format":false,"excerpt":"Een lattenbodem bestaat uit een houten of metalen frame met daarin latten die kunnen veren en soms ook kantelen. De latten zijn gemaakt van hout, glasvezel of een combinatie van materialen en worden onder druk opgespannen in het frame. Het aantal latten per lattenbodem kan nogal verschillen: van 14 tot\u2026","rel":"","context":"In &quot;Bedbodems&quot;","block_context":{"text":"Bedbodems","link":"https:\/\/allsleep.be\/?cat=9"},"img":{"alt_text":"","src":"","width":0,"height":0},"classes":[]},{"id":232,"url":"https:\/\/allsleep.be\/?page_id=232","url_meta":{"origin":237,"position":2},"title":"Schotelbodem","author":"allsleep","date":"november 18, 2014","format":false,"excerpt":"\u00a0 Schotelbodems zijn gemaakt van kunststof. Ze bestaan uit kleine schotels die gemonteerd worden op onderlatten. De schotels zijn doorgaans zachter ter hoogte van de schouders en steviger in de middenzone. Ze kunnen veren en kantelen, zijn zeer flexibel en je kunt de hardheid vaak per lichaamszone instellen. Bij een\u2026","rel":"","context":"In &quot;Bedbodems&quot;","block_context":{"text":"Bedbodems","link":"https:\/\/allsleep.be\/?cat=9"},"img":{"alt_text":"","src":"","width":0,"height":0},"classes":[]},{"id":248,"url":"https:\/\/allsleep.be\/?page_id=248","url_meta":{"origin":237,"position":3},"title":"Boxsprings","author":"allsleep","date":"november 18, 2014","format":false,"excerpt":"Boxspring Een boxspring - ook weleens springbak of ressortbak genoemd - is een onderconstructie in een houten frame met een groot aantal verticale binnenveren. De binnenvering wordt meestal afgedekt met een aantal toplagen, waaronder drukverdeler en schuim. Daaromheen komt nog een hoes of tijk. Je plaatst er poten onder, en\u2026","rel":"","context":"In &quot;Bedbodems&quot;","block_context":{"text":"Bedbodems","link":"https:\/\/allsleep.be\/?cat=9"},"img":{"alt_text":"","src":"","width":0,"height":0},"classes":[]},{"id":532,"url":"https:\/\/allsleep.be\/?page_id=532","url_meta":{"origin":237,"position":4},"title":"Hoofdkussens","author":"allsleep","date":"januari 28, 2015","format":false,"excerpt":"Nekklachten Een belangrijke voorwaarde voor en gezonde nachtrust is een kwalitatief slaapsysteem.\u00a0 En dat bestaat niet alleen uit een aangepaste bodem en matras, maar ook uit een hoofdkussen dat bij u past.\u00a0 Iedere slaper heeft een eigen slaapprofiel en kiest dus beter een hoofdkussen dat hierop is afgestemd.\u00a0 Afhankelijk van\u2026","rel":"","context":"Soortgelijk bericht","block_context":{"text":"Soortgelijk bericht","link":""},"img":{"alt_text":"","src":"https:\/\/i0.wp.com\/allsleep.be\/wp-content\/uploads\/2014\/10\/p_28.jpg?resize=350%2C200&ssl=1","width":350,"height":200,"srcset":"https:\/\/i0.wp.com\/allsleep.be\/wp-content\/uploads\/2014\/10\/p_28.jpg?resize=350%2C200&ssl=1 1x, https:\/\/i0.wp.com\/allsleep.be\/wp-content\/uploads\/2014\/10\/p_28.jpg?resize=525%2C300&ssl=1 1.5x"},"classes":[]},{"id":107,"url":"https:\/\/allsleep.be\/?page_id=107","url_meta":{"origin":237,"position":5},"title":"De basics van een goed bed","author":"allsleep","date":"november 4, 2014","format":false,"excerpt":"\u00a0 Conformiteit, hardheid, warmte-isolatie en vochtregulatie : die vier eigenschappen van het bed zijn fundamenteel voor een goede nachtrust. Conformiteit Conformiteit geeft aan hoe goed je slaapsysteem zich aanpast aan je lichaamsvormen, rekening houdend met de verdeling van je gewicht over je lichaam. Hardheid Hardheid geeft aan hoe diep we\u2026","rel":"","context":"In &quot;Gezond slapen&quot;","block_context":{"text":"Gezond slapen","link":"https:\/\/allsleep.be\/?cat=1"},"img":{"alt_text":"","src":"https:\/\/i0.wp.com\/allsleep.be\/wp-content\/uploads\/2019\/03\/basica.jpg?resize=350%2C200","width":350,"height":200,"srcset":"https:\/\/i0.wp.com\/allsleep.be\/wp-content\/uploads\/2019\/03\/basica.jpg?resize=350%2C200 1x, https:\/\/i0.wp.com\/allsleep.be\/wp-content\/uploads\/2019\/03\/basica.jpg?resize=525%2C300 1.5x, https:\/\/i0.wp.com\/allsleep.be\/wp-content\/uploads\/2019\/03\/basica.jpg?resize=700%2C400 2x, https:\/\/i0.wp.com\/allsleep.be\/wp-content\/uploads\/2019\/03\/basica.jpg?resize=1050%2C600 3x"},"classes":[]}],"jetpack_sharing_enabled":true,"_links":{"self":[{"href":"https:\/\/allsleep.be\/index.php?rest_route=\/wp\/v2\/pages\/237","targetHints":{"allow":["GET"]}}],"collection":[{"href":"https:\/\/allsleep.be\/index.php?rest_route=\/wp\/v2\/pages"}],"about":[{"href":"https:\/\/allsleep.be\/index.php?rest_route=\/wp\/v2\/types\/page"}],"author":[{"embeddable":true,"href":"https:\/\/allsleep.be\/index.php?rest_route=\/wp\/v2\/users\/1"}],"replies":[{"embeddable":true,"href":"https:\/\/allsleep.be\/index.php?rest_route=%2Fwp%2Fv2%2Fcomments&post=237"}],"version-history":[{"count":3,"href":"https:\/\/allsleep.be\/index.php?rest_route=\/wp\/v2\/pages\/237\/revisions"}],"predecessor-version":[{"id":241,"href":"https:\/\/allsleep.be\/index.php?rest_route=\/wp\/v2\/pages\/237\/revisions\/241"}],"wp:attachment":[{"href":"https:\/\/allsleep.be\/index.php?rest_route=%2Fwp%2Fv2%2Fmedia&parent=237"}],"wp:term":[{"taxonomy":"category","embeddable":true,"href":"https:\/\/allsleep.be\/index.php?rest_route=%2Fwp%2Fv2%2Fcategories&post=237"},{"taxonomy":"post_tag","embeddable":true,"href":"https:\/\/allsleep.be\/index.php?rest_route=%2Fwp%2Fv2%2Ftags&post=237"}],"curies":[{"name":"wp","href":"https:\/\/api.w.org\/{rel}","templated":true}]}}