{"id":243,"date":"2014-11-18T10:35:17","date_gmt":"2014-11-18T10:35:17","guid":{"rendered":"http:\/\/allsleep.be\/?page_id=243"},"modified":"2015-01-13T19:30:27","modified_gmt":"2015-01-13T19:30:27","slug":"toppers","status":"publish","type":"page","link":"https:\/\/allsleep.be\/?page_id=243","title":{"rendered":"Toppers"},"content":{"rendered":"<p><strong>Topper<\/strong><\/p>\n<p><a href=\"http:\/\/allsleep.be\/wp-content\/uploads\/2014\/11\/topper.png\"><img loading=\"lazy\" decoding=\"async\" data-attachment-id=\"245\" data-permalink=\"https:\/\/allsleep.be\/?attachment_id=245\" data-orig-file=\"https:\/\/allsleep.be\/wp-content\/uploads\/2014\/11\/topper.png\" data-orig-size=\"315,160\" data-comments-opened=\"0\" data-image-meta=\"{&quot;aperture&quot;:&quot;0&quot;,&quot;credit&quot;:&quot;&quot;,&quot;camera&quot;:&quot;&quot;,&quot;caption&quot;:&quot;&quot;,&quot;created_timestamp&quot;:&quot;0&quot;,&quot;copyright&quot;:&quot;&quot;,&quot;focal_length&quot;:&quot;0&quot;,&quot;iso&quot;:&quot;0&quot;,&quot;shutter_speed&quot;:&quot;0&quot;,&quot;title&quot;:&quot;&quot;,&quot;orientation&quot;:&quot;0&quot;}\" data-image-title=\"topper\" data-image-description=\"\" data-image-caption=\"\" data-medium-file=\"https:\/\/allsleep.be\/wp-content\/uploads\/2014\/11\/topper-300x152.png\" data-large-file=\"https:\/\/allsleep.be\/wp-content\/uploads\/2014\/11\/topper.png\" class=\"alignright size-medium wp-image-245\" src=\"http:\/\/allsleep.be\/wp-content\/uploads\/2014\/11\/topper-300x152.png\" alt=\"topper\" width=\"300\" height=\"152\" srcset=\"https:\/\/allsleep.be\/wp-content\/uploads\/2014\/11\/topper-300x152.png 300w, https:\/\/allsleep.be\/wp-content\/uploads\/2014\/11\/topper.png 315w\" sizes=\"auto, (max-width: 300px) 100vw, 300px\" \/><\/a><\/p>\n<p>Tegenwoordig bestaan er ook minimatrassen &#8211; we noemen ze toppers &#8211; met een gemiddelde dikte van 3 tot 5cm. Als je matras voldoet aan alle comforteisen, heb je uiteraard geen topper nodig.<\/p>\n<p>Een topper kan wel nuttig zijn als je al een te harde matras hebt, en je wilt toch wat zachter en comfortabeler slapen. Ook als je bijvoorbeeld sterk vermagerd bent, zal je matras harder en minder comfortabel aanvoelen : je kunt dan tijdelijk een topper overwegen. Verder is een topper handig als je wat meer veerkracht wilt, of wat hoger in je bed wilt liggen.<\/p>\n","protected":false},"excerpt":{"rendered":"<p>Topper Tegenwoordig bestaan er ook minimatrassen &#8211; we noemen ze toppers &#8211; met een gemiddelde dikte van 3 tot 5cm. Als je matras voldoet aan alle comforteisen, heb je uiteraard geen topper nodig. Een topper kan wel nuttig zijn als je al een te harde matras hebt, en je wilt toch wat zachter en comfortabeler &hellip; <a href=\"https:\/\/allsleep.be\/?page_id=243\" class=\"more-link\">Lees verder <span class=\"screen-reader-text\">Toppers<\/span> <span class=\"meta-nav\">&rarr;<\/span><\/a><\/p>\n","protected":false},"author":1,"featured_media":0,"parent":0,"menu_order":0,"comment_status":"closed","ping_status":"closed","template":"","meta":{"_exactmetrics_skip_tracking":false,"_exactmetrics_sitenote_active":false,"_exactmetrics_sitenote_note":"","_exactmetrics_sitenote_category":0,"jetpack_post_was_ever_published":false,"two_page_speed":[],"footnotes":""},"categories":[6],"tags":[],"class_list":["post-243","page","type-page","status-publish","hentry","category-matras"],"jetpack_shortlink":"https:\/\/wp.me\/P5fuMi-3V","jetpack_likes_enabled":true,"jetpack-related-posts":[{"id":107,"url":"https:\/\/allsleep.be\/?page_id=107","url_meta":{"origin":243,"position":0},"title":"De basics van een goed bed","author":"allsleep","date":"november 4, 2014","format":false,"excerpt":"\u00a0 Conformiteit, hardheid, warmte-isolatie en vochtregulatie : die vier eigenschappen van het bed zijn fundamenteel voor een goede nachtrust. Conformiteit Conformiteit geeft aan hoe goed je slaapsysteem zich aanpast aan je lichaamsvormen, rekening houdend met de verdeling van je gewicht over je lichaam. Hardheid Hardheid geeft aan hoe diep we\u2026","rel":"","context":"In &quot;Gezond slapen&quot;","block_context":{"text":"Gezond slapen","link":"https:\/\/allsleep.be\/?cat=1"},"img":{"alt_text":"","src":"https:\/\/i0.wp.com\/allsleep.be\/wp-content\/uploads\/2019\/03\/basica.jpg?resize=350%2C200","width":350,"height":200,"srcset":"https:\/\/i0.wp.com\/allsleep.be\/wp-content\/uploads\/2019\/03\/basica.jpg?resize=350%2C200 1x, https:\/\/i0.wp.com\/allsleep.be\/wp-content\/uploads\/2019\/03\/basica.jpg?resize=525%2C300 1.5x, https:\/\/i0.wp.com\/allsleep.be\/wp-content\/uploads\/2019\/03\/basica.jpg?resize=700%2C400 2x, https:\/\/i0.wp.com\/allsleep.be\/wp-content\/uploads\/2019\/03\/basica.jpg?resize=1050%2C600 3x"},"classes":[]},{"id":185,"url":"https:\/\/allsleep.be\/?page_id=185","url_meta":{"origin":243,"position":1},"title":"Schuimmatrassen","author":"allsleep","date":"november 4, 2014","format":false,"excerpt":"De kern van een schuimmatras bestaat uit \u00e9\u00e9n groot blok schuim. We bekijken dadelijk hoe dat schuim eruitziet en welke soorten er allemaal bestaan, maar eerst sommen we de factoren op die bepalend zijn voor de kwaliteit van de matras. 1. Dichtheid Onder de dichtheid of densiteit verstaan we het\u2026","rel":"","context":"In &quot;Matrassen&quot;","block_context":{"text":"Matrassen","link":"https:\/\/allsleep.be\/?cat=6"},"img":{"alt_text":"","src":"https:\/\/i0.wp.com\/allsleep.be\/wp-content\/uploads\/2014\/11\/schuimrubber-300x240.jpg?resize=350%2C200","width":350,"height":200},"classes":[]},{"id":192,"url":"https:\/\/allsleep.be\/?page_id=192","url_meta":{"origin":243,"position":2},"title":"Tien vragen","author":"allsleep","date":"november 4, 2014","format":false,"excerpt":"Voor u verder surft, wil ik je vragen om eerst even stil te staan bij je eigen matras en nachtrust. Kruis in de volgende tien vragen telkens het antwoord aan dat het best bij je slaapsituatie past. 1. Als ik in bed lig : - kan ik gemakkelijk een aangename\u2026","rel":"","context":"Soortgelijk bericht","block_context":{"text":"Soortgelijk bericht","link":""},"img":{"alt_text":"","src":"","width":0,"height":0},"classes":[]},{"id":800,"url":"https:\/\/allsleep.be\/?page_id=800","url_meta":{"origin":243,"position":3},"title":"i-Bed","author":"allsleep","date":"november 5, 2016","format":false,"excerpt":"Een betere nachtrust door een betere houding. (Made in Belgium) https:\/\/player.vimeo.com\/video\/189893418 'i-Bed' is gebaseerd op een unieke i-Bed lattenbodem die zich naadloos aanpast aan je lichaam. De combinatie met de speciale fullbody viscogel matras garandeert U een hoogstaand gepersonaliseerd slaapcomfort. Een rechte rug = een goede slaaphouding. i-Bed werkt met\u2026","rel":"","context":"Soortgelijk bericht","block_context":{"text":"Soortgelijk bericht","link":""},"img":{"alt_text":"","src":"","width":0,"height":0},"classes":[]},{"id":138,"url":"https:\/\/allsleep.be\/?page_id=138","url_meta":{"origin":243,"position":4},"title":"Verenmatrassen","author":"allsleep","date":"november 4, 2014","format":false,"excerpt":"\u00a0 Recoil\u00ae Pocketveren De\u00a0Recoil\u00ae-veren zijn tonvormig en behouden onder elke hoekbelasting dezelfde prestaties: krachtig, evenredige en bl\u0133vende hypertensie of terugveerkracht. Ze garanderen een maximale ondersteuning t\u0133dens het slapen en een begeleidende stuwkracht t\u0133dens het bewegen in de slaap. De speciale voorspanning gaat bovendien kuilvorming tegen. Recoil\u00ae tonvormig individuele werking bevat\u2026","rel":"","context":"In &quot;Matrassen&quot;","block_context":{"text":"Matrassen","link":"https:\/\/allsleep.be\/?cat=6"},"img":{"alt_text":"","src":"https:\/\/i0.wp.com\/allsleep.be\/wp-content\/uploads\/2019\/03\/recoil-pocketveren-115.jpg?resize=350%2C200","width":350,"height":200,"srcset":"https:\/\/i0.wp.com\/allsleep.be\/wp-content\/uploads\/2019\/03\/recoil-pocketveren-115.jpg?resize=350%2C200 1x, https:\/\/i0.wp.com\/allsleep.be\/wp-content\/uploads\/2019\/03\/recoil-pocketveren-115.jpg?resize=525%2C300 1.5x, https:\/\/i0.wp.com\/allsleep.be\/wp-content\/uploads\/2019\/03\/recoil-pocketveren-115.jpg?resize=700%2C400 2x, https:\/\/i0.wp.com\/allsleep.be\/wp-content\/uploads\/2019\/03\/recoil-pocketveren-115.jpg?resize=1050%2C600 3x"},"classes":[]},{"id":809,"url":"https:\/\/allsleep.be\/?page_id=809","url_meta":{"origin":243,"position":5},"title":"Mybed matrassen","author":"allsleep","date":"november 5, 2016","format":false,"excerpt":"Uw vorm is onze norm Het ultieme slaapcomfort op maat van uw lichaam Mybed matrassen beantwoorden aan de hoge eis om de ondersteuning van uw lichaam perfect en naadloos aan te laten sluiten op de vorm van uw lichaam. Om op een later tijdstip rugklachten te vermijden is het belangrijk\u2026","rel":"","context":"Soortgelijk bericht","block_context":{"text":"Soortgelijk bericht","link":""},"img":{"alt_text":"","src":"https:\/\/i0.wp.com\/allsleep.be\/wp-content\/uploads\/2019\/03\/uw-vorm-is-onze-norm-157.jpg?resize=350%2C200","width":350,"height":200,"srcset":"https:\/\/i0.wp.com\/allsleep.be\/wp-content\/uploads\/2019\/03\/uw-vorm-is-onze-norm-157.jpg?resize=350%2C200 1x, https:\/\/i0.wp.com\/allsleep.be\/wp-content\/uploads\/2019\/03\/uw-vorm-is-onze-norm-157.jpg?resize=525%2C300 1.5x, https:\/\/i0.wp.com\/allsleep.be\/wp-content\/uploads\/2019\/03\/uw-vorm-is-onze-norm-157.jpg?resize=700%2C400 2x, https:\/\/i0.wp.com\/allsleep.be\/wp-content\/uploads\/2019\/03\/uw-vorm-is-onze-norm-157.jpg?resize=1050%2C600 3x"},"classes":[]}],"jetpack_sharing_enabled":true,"_links":{"self":[{"href":"https:\/\/allsleep.be\/index.php?rest_route=\/wp\/v2\/pages\/243","targetHints":{"allow":["GET"]}}],"collection":[{"href":"https:\/\/allsleep.be\/index.php?rest_route=\/wp\/v2\/pages"}],"about":[{"href":"https:\/\/allsleep.be\/index.php?rest_route=\/wp\/v2\/types\/page"}],"author":[{"embeddable":true,"href":"https:\/\/allsleep.be\/index.php?rest_route=\/wp\/v2\/users\/1"}],"replies":[{"embeddable":true,"href":"https:\/\/allsleep.be\/index.php?rest_route=%2Fwp%2Fv2%2Fcomments&post=243"}],"version-history":[{"count":2,"href":"https:\/\/allsleep.be\/index.php?rest_route=\/wp\/v2\/pages\/243\/revisions"}],"predecessor-version":[{"id":246,"href":"https:\/\/allsleep.be\/index.php?rest_route=\/wp\/v2\/pages\/243\/revisions\/246"}],"wp:attachment":[{"href":"https:\/\/allsleep.be\/index.php?rest_route=%2Fwp%2Fv2%2Fmedia&parent=243"}],"wp:term":[{"taxonomy":"category","embeddable":true,"href":"https:\/\/allsleep.be\/index.php?rest_route=%2Fwp%2Fv2%2Fcategories&post=243"},{"taxonomy":"post_tag","embeddable":true,"href":"https:\/\/allsleep.be\/index.php?rest_route=%2Fwp%2Fv2%2Ftags&post=243"}],"curies":[{"name":"wp","href":"https:\/\/api.w.org\/{rel}","templated":true}]}}