{"id":258,"date":"2014-11-18T11:11:59","date_gmt":"2014-11-18T11:11:59","guid":{"rendered":"http:\/\/allsleep.be\/?page_id=258"},"modified":"2015-01-13T19:27:19","modified_gmt":"2015-01-13T19:27:19","slug":"koudschuimmatrassen","status":"publish","type":"page","link":"https:\/\/allsleep.be\/?page_id=258","title":{"rendered":"Koudschuimmatrassen"},"content":{"rendered":"<p><strong>Koudschuimmatras<\/strong><\/p>\n<p>Deze schuimen zijn eveneens opgebouwd uit miljoenen microscopisch kleine cellen. Ze zijn non-allergeen, reukloos en bevatten geen zware metalen. De productie is volledig CFK-vrij. Ze hebben een hogere dichtheid en betere conformiteit dan de traditionele polyetherschuimen.<\/p>\n<p>Koudschuim wordt ook weleens HR-schuim genoemd. HR staat voor high resilience, of hoge veerkracht. Het heeft van nature een enigszins onregelmatige, open celstructuur waardoor het goed ademt en vocht beter afvoert.<\/p>\n<p>Koudschuimmatrassen van rond de 18 cm dikte met comfortzones en aangepaste dichtheid en hardheid behoren tot de beste schuimmatrassen.<\/p>\n","protected":false},"excerpt":{"rendered":"<p>Koudschuimmatras Deze schuimen zijn eveneens opgebouwd uit miljoenen microscopisch kleine cellen. Ze zijn non-allergeen, reukloos en bevatten geen zware metalen. De productie is volledig CFK-vrij. Ze hebben een hogere dichtheid en betere conformiteit dan de traditionele polyetherschuimen. Koudschuim wordt ook weleens HR-schuim genoemd. HR staat voor high resilience, of hoge veerkracht. Het heeft van nature &hellip; <a href=\"https:\/\/allsleep.be\/?page_id=258\" class=\"more-link\">Lees verder <span class=\"screen-reader-text\">Koudschuimmatrassen<\/span> <span class=\"meta-nav\">&rarr;<\/span><\/a><\/p>\n","protected":false},"author":1,"featured_media":0,"parent":0,"menu_order":0,"comment_status":"closed","ping_status":"closed","template":"","meta":{"_exactmetrics_skip_tracking":false,"_exactmetrics_sitenote_active":false,"_exactmetrics_sitenote_note":"","_exactmetrics_sitenote_category":0,"jetpack_post_was_ever_published":false,"two_page_speed":[],"footnotes":""},"categories":[6],"tags":[],"class_list":["post-258","page","type-page","status-publish","hentry","category-matras"],"jetpack_shortlink":"https:\/\/wp.me\/P5fuMi-4a","jetpack_likes_enabled":true,"jetpack-related-posts":[{"id":185,"url":"https:\/\/allsleep.be\/?page_id=185","url_meta":{"origin":258,"position":0},"title":"Schuimmatrassen","author":"allsleep","date":"november 4, 2014","format":false,"excerpt":"De kern van een schuimmatras bestaat uit \u00e9\u00e9n groot blok schuim. We bekijken dadelijk hoe dat schuim eruitziet en welke soorten er allemaal bestaan, maar eerst sommen we de factoren op die bepalend zijn voor de kwaliteit van de matras. 1. Dichtheid Onder de dichtheid of densiteit verstaan we het\u2026","rel":"","context":"In &quot;Matrassen&quot;","block_context":{"text":"Matrassen","link":"https:\/\/allsleep.be\/?cat=6"},"img":{"alt_text":"","src":"https:\/\/i0.wp.com\/allsleep.be\/wp-content\/uploads\/2014\/11\/schuimrubber-300x240.jpg?resize=350%2C200","width":350,"height":200},"classes":[]},{"id":255,"url":"https:\/\/allsleep.be\/?page_id=255","url_meta":{"origin":258,"position":1},"title":"Polyethermatras","author":"allsleep","date":"november 18, 2014","format":false,"excerpt":"Polyethermatrassen Polyether is een synthetisch schuim dat opgebouwd is uit miljoenen cellen. Matrassen met polyetherschuim hebben een goede warmte-isolatie, maar een matige vochtdoorlating en conformiteit. Door hun geringe gewicht zijn ze wel eenvoudig te hanteren. De minimale dikte voor een matras met een redelijke schuimkwaliteit is 14 cm. De dichtheid\u2026","rel":"","context":"In &quot;Matrassen&quot;","block_context":{"text":"Matrassen","link":"https:\/\/allsleep.be\/?cat=6"},"img":{"alt_text":"","src":"","width":0,"height":0},"classes":[]},{"id":261,"url":"https:\/\/allsleep.be\/?page_id=261","url_meta":{"origin":258,"position":2},"title":"Visco-elastisch schuim","author":"allsleep","date":"november 18, 2014","format":false,"excerpt":"Visco-elastisch schuim Visco-elastisch schuim wordt ook weleens traagschuim, drukverlagend schuim, NASA -schuim of lazyfoam genoemd. De lichaamswarmte en het gewicht van de slaper maken het zachter : je duwt erop en het vloeit als het ware van je weg, zonder dat je weet wanneer het stopt. Daar komt de naam\u2026","rel":"","context":"In &quot;Matrassen&quot;","block_context":{"text":"Matrassen","link":"https:\/\/allsleep.be\/?cat=6"},"img":{"alt_text":"","src":"","width":0,"height":0},"classes":[]},{"id":216,"url":"https:\/\/allsleep.be\/?page_id=216","url_meta":{"origin":258,"position":3},"title":"Synthetische latex","author":"allsleep","date":"november 18, 2014","format":false,"excerpt":"Synthetische latex is een aardolieproduct. Matrassen die voor 100 procent uit synthetische latex bestaan, zijn minder comfortabel dan natuurlatexmatrassen.\u00a0 Alle latexmatrassen hebben een hogere dichtheid dan de meeste synthetische schuimen.","rel":"","context":"Soortgelijk bericht","block_context":{"text":"Soortgelijk bericht","link":""},"img":{"alt_text":"","src":"","width":0,"height":0},"classes":[]},{"id":213,"url":"https:\/\/allsleep.be\/?page_id=213","url_meta":{"origin":258,"position":4},"title":"Natuurlatex","author":"allsleep","date":"november 18, 2014","format":false,"excerpt":"\u00a0 \u00a0 Natuurlatex Natuurlatex wordt gemaakt van het sap van de rubberboom. Ook autobanden en condooms zijn vervaardigd van dit materiaal. Een natuurlatexmatras bestaat voor 50 tot 95 procent uit natuurlijk rubber, aangevuld met andere stoffen, onder meer om het materiaal blijvend elastisch te houden. Matrassen met een hoog gehalte\u2026","rel":"","context":"In &quot;Matrassen&quot;","block_context":{"text":"Matrassen","link":"https:\/\/allsleep.be\/?cat=6"},"img":{"alt_text":"","src":"","width":0,"height":0},"classes":[]},{"id":138,"url":"https:\/\/allsleep.be\/?page_id=138","url_meta":{"origin":258,"position":5},"title":"Verenmatrassen","author":"allsleep","date":"november 4, 2014","format":false,"excerpt":"\u00a0 Recoil\u00ae Pocketveren De\u00a0Recoil\u00ae-veren zijn tonvormig en behouden onder elke hoekbelasting dezelfde prestaties: krachtig, evenredige en bl\u0133vende hypertensie of terugveerkracht. Ze garanderen een maximale ondersteuning t\u0133dens het slapen en een begeleidende stuwkracht t\u0133dens het bewegen in de slaap. De speciale voorspanning gaat bovendien kuilvorming tegen. Recoil\u00ae tonvormig individuele werking bevat\u2026","rel":"","context":"In &quot;Matrassen&quot;","block_context":{"text":"Matrassen","link":"https:\/\/allsleep.be\/?cat=6"},"img":{"alt_text":"","src":"https:\/\/i0.wp.com\/allsleep.be\/wp-content\/uploads\/2019\/03\/recoil-pocketveren-115.jpg?resize=350%2C200","width":350,"height":200,"srcset":"https:\/\/i0.wp.com\/allsleep.be\/wp-content\/uploads\/2019\/03\/recoil-pocketveren-115.jpg?resize=350%2C200 1x, https:\/\/i0.wp.com\/allsleep.be\/wp-content\/uploads\/2019\/03\/recoil-pocketveren-115.jpg?resize=525%2C300 1.5x, https:\/\/i0.wp.com\/allsleep.be\/wp-content\/uploads\/2019\/03\/recoil-pocketveren-115.jpg?resize=700%2C400 2x, https:\/\/i0.wp.com\/allsleep.be\/wp-content\/uploads\/2019\/03\/recoil-pocketveren-115.jpg?resize=1050%2C600 3x"},"classes":[]}],"jetpack_sharing_enabled":true,"_links":{"self":[{"href":"https:\/\/allsleep.be\/index.php?rest_route=\/wp\/v2\/pages\/258","targetHints":{"allow":["GET"]}}],"collection":[{"href":"https:\/\/allsleep.be\/index.php?rest_route=\/wp\/v2\/pages"}],"about":[{"href":"https:\/\/allsleep.be\/index.php?rest_route=\/wp\/v2\/types\/page"}],"author":[{"embeddable":true,"href":"https:\/\/allsleep.be\/index.php?rest_route=\/wp\/v2\/users\/1"}],"replies":[{"embeddable":true,"href":"https:\/\/allsleep.be\/index.php?rest_route=%2Fwp%2Fv2%2Fcomments&post=258"}],"version-history":[{"count":1,"href":"https:\/\/allsleep.be\/index.php?rest_route=\/wp\/v2\/pages\/258\/revisions"}],"predecessor-version":[{"id":259,"href":"https:\/\/allsleep.be\/index.php?rest_route=\/wp\/v2\/pages\/258\/revisions\/259"}],"wp:attachment":[{"href":"https:\/\/allsleep.be\/index.php?rest_route=%2Fwp%2Fv2%2Fmedia&parent=258"}],"wp:term":[{"taxonomy":"category","embeddable":true,"href":"https:\/\/allsleep.be\/index.php?rest_route=%2Fwp%2Fv2%2Fcategories&post=258"},{"taxonomy":"post_tag","embeddable":true,"href":"https:\/\/allsleep.be\/index.php?rest_route=%2Fwp%2Fv2%2Ftags&post=258"}],"curies":[{"name":"wp","href":"https:\/\/api.w.org\/{rel}","templated":true}]}}