{"id":261,"date":"2014-11-18T11:19:25","date_gmt":"2014-11-18T11:19:25","guid":{"rendered":"http:\/\/allsleep.be\/?page_id=261"},"modified":"2015-01-13T19:31:46","modified_gmt":"2015-01-13T19:31:46","slug":"visco-elastisch-schuim","status":"publish","type":"page","link":"https:\/\/allsleep.be\/?page_id=261","title":{"rendered":"Visco-elastisch schuim"},"content":{"rendered":"<p><strong><a href=\"http:\/\/allsleep.be\/wp-content\/uploads\/2014\/11\/visco.jpg\"><img loading=\"lazy\" decoding=\"async\" data-attachment-id=\"265\" data-permalink=\"https:\/\/allsleep.be\/?attachment_id=265\" data-orig-file=\"https:\/\/allsleep.be\/wp-content\/uploads\/2014\/11\/visco.jpg\" data-orig-size=\"280,180\" data-comments-opened=\"0\" data-image-meta=\"{&quot;aperture&quot;:&quot;0&quot;,&quot;credit&quot;:&quot;&quot;,&quot;camera&quot;:&quot;&quot;,&quot;caption&quot;:&quot;&quot;,&quot;created_timestamp&quot;:&quot;0&quot;,&quot;copyright&quot;:&quot;&quot;,&quot;focal_length&quot;:&quot;0&quot;,&quot;iso&quot;:&quot;0&quot;,&quot;shutter_speed&quot;:&quot;0&quot;,&quot;title&quot;:&quot;&quot;,&quot;orientation&quot;:&quot;0&quot;}\" data-image-title=\"visco\" data-image-description=\"\" data-image-caption=\"\" data-medium-file=\"https:\/\/allsleep.be\/wp-content\/uploads\/2014\/11\/visco.jpg\" data-large-file=\"https:\/\/allsleep.be\/wp-content\/uploads\/2014\/11\/visco.jpg\" class=\"alignright size-full wp-image-265\" src=\"http:\/\/allsleep.be\/wp-content\/uploads\/2014\/11\/visco.jpg\" alt=\"visco\" width=\"280\" height=\"180\" \/><\/a>Visco-elastisch schuim<\/strong><\/p>\n<p>Visco-elastisch schuim wordt ook weleens traagschuim, drukverlagend schuim, NASA -schuim of lazyfoam genoemd. De lichaamswarmte en het gewicht van de slaper maken het zachter : je duwt erop en het vloeit als het ware van je weg, zonder dat je weet wanneer het stopt. Daar komt de naam ook vandaan : elastisch verwijst naar de vervormbaarheid van het materiaal, visco naar die vloeibaarheid.<\/p>\n<p>Te veel drukverlagend schuim is slecht voor de conformiteit, omdat het de wervelkolom onvoldoende ondersteunt. Voor pati\u00ebnten met een verhoogd risico op doorligwonden kan het wel erg nuttig zijn.<\/p>\n<p>Het schuim reageert traag : na indrukking heeft het 0.5 tot 5 seconden nodig om terug te keren naar de oorspronkelijk vorm &#8211; het is dus veel minder veerkrachtig dan koudschuim en latexmatrassen. Van houding veranderen tijdens de slaap gaat niet zo vlot, wat de slaapkwaliteit aantast.<\/p>\n<p>Het schuim kan in een koele omgeving ook hard aanvoelen en in een warme omgeving zeer zacht. De goede visco-elastische schuimen zijn wel minder temperatuurafhankelijk.<\/p>\n<p>In het algemeen kun je stellen : bij een gelijke dichtheid heeft koudschuim betere comforteigenschappen dan visco-elastisch schuim, vooral wat betreft conformiteit en elasticiteit.<\/p>\n","protected":false},"excerpt":{"rendered":"<p>Visco-elastisch schuim Visco-elastisch schuim wordt ook weleens traagschuim, drukverlagend schuim, NASA -schuim of lazyfoam genoemd. De lichaamswarmte en het gewicht van de slaper maken het zachter : je duwt erop en het vloeit als het ware van je weg, zonder dat je weet wanneer het stopt. Daar komt de naam ook vandaan : elastisch verwijst &hellip; <a href=\"https:\/\/allsleep.be\/?page_id=261\" class=\"more-link\">Lees verder <span class=\"screen-reader-text\">Visco-elastisch schuim<\/span> <span class=\"meta-nav\">&rarr;<\/span><\/a><\/p>\n","protected":false},"author":1,"featured_media":0,"parent":0,"menu_order":0,"comment_status":"closed","ping_status":"closed","template":"","meta":{"_exactmetrics_skip_tracking":false,"_exactmetrics_sitenote_active":false,"_exactmetrics_sitenote_note":"","_exactmetrics_sitenote_category":0,"jetpack_post_was_ever_published":false,"two_page_speed":[],"footnotes":""},"categories":[6],"tags":[],"class_list":["post-261","page","type-page","status-publish","hentry","category-matras"],"jetpack_shortlink":"https:\/\/wp.me\/P5fuMi-4d","jetpack_likes_enabled":true,"jetpack-related-posts":[{"id":185,"url":"https:\/\/allsleep.be\/?page_id=185","url_meta":{"origin":261,"position":0},"title":"Schuimmatrassen","author":"allsleep","date":"november 4, 2014","format":false,"excerpt":"De kern van een schuimmatras bestaat uit \u00e9\u00e9n groot blok schuim. We bekijken dadelijk hoe dat schuim eruitziet en welke soorten er allemaal bestaan, maar eerst sommen we de factoren op die bepalend zijn voor de kwaliteit van de matras. 1. Dichtheid Onder de dichtheid of densiteit verstaan we het\u2026","rel":"","context":"In &quot;Matrassen&quot;","block_context":{"text":"Matrassen","link":"https:\/\/allsleep.be\/?cat=6"},"img":{"alt_text":"","src":"https:\/\/i0.wp.com\/allsleep.be\/wp-content\/uploads\/2014\/11\/schuimrubber-300x240.jpg?resize=350%2C200","width":350,"height":200},"classes":[]},{"id":258,"url":"https:\/\/allsleep.be\/?page_id=258","url_meta":{"origin":261,"position":1},"title":"Koudschuimmatrassen","author":"allsleep","date":"november 18, 2014","format":false,"excerpt":"Koudschuimmatras Deze schuimen zijn eveneens opgebouwd uit miljoenen microscopisch kleine cellen. Ze zijn non-allergeen, reukloos en bevatten geen zware metalen. De productie is volledig CFK-vrij. Ze hebben een hogere dichtheid en betere conformiteit dan de traditionele polyetherschuimen. Koudschuim wordt ook weleens HR-schuim genoemd. HR staat voor high resilience, of hoge\u2026","rel":"","context":"In &quot;Matrassen&quot;","block_context":{"text":"Matrassen","link":"https:\/\/allsleep.be\/?cat=6"},"img":{"alt_text":"","src":"","width":0,"height":0},"classes":[]},{"id":248,"url":"https:\/\/allsleep.be\/?page_id=248","url_meta":{"origin":261,"position":2},"title":"Boxsprings","author":"allsleep","date":"november 18, 2014","format":false,"excerpt":"Boxspring Een boxspring - ook weleens springbak of ressortbak genoemd - is een onderconstructie in een houten frame met een groot aantal verticale binnenveren. De binnenvering wordt meestal afgedekt met een aantal toplagen, waaronder drukverdeler en schuim. Daaromheen komt nog een hoes of tijk. Je plaatst er poten onder, en\u2026","rel":"","context":"In &quot;Bedbodems&quot;","block_context":{"text":"Bedbodems","link":"https:\/\/allsleep.be\/?cat=9"},"img":{"alt_text":"","src":"","width":0,"height":0},"classes":[]},{"id":138,"url":"https:\/\/allsleep.be\/?page_id=138","url_meta":{"origin":261,"position":3},"title":"Verenmatrassen","author":"allsleep","date":"november 4, 2014","format":false,"excerpt":"\u00a0 Recoil\u00ae Pocketveren De\u00a0Recoil\u00ae-veren zijn tonvormig en behouden onder elke hoekbelasting dezelfde prestaties: krachtig, evenredige en bl\u0133vende hypertensie of terugveerkracht. Ze garanderen een maximale ondersteuning t\u0133dens het slapen en een begeleidende stuwkracht t\u0133dens het bewegen in de slaap. De speciale voorspanning gaat bovendien kuilvorming tegen. Recoil\u00ae tonvormig individuele werking bevat\u2026","rel":"","context":"In &quot;Matrassen&quot;","block_context":{"text":"Matrassen","link":"https:\/\/allsleep.be\/?cat=6"},"img":{"alt_text":"","src":"https:\/\/i0.wp.com\/allsleep.be\/wp-content\/uploads\/2019\/03\/recoil-pocketveren-115.jpg?resize=350%2C200","width":350,"height":200,"srcset":"https:\/\/i0.wp.com\/allsleep.be\/wp-content\/uploads\/2019\/03\/recoil-pocketveren-115.jpg?resize=350%2C200 1x, https:\/\/i0.wp.com\/allsleep.be\/wp-content\/uploads\/2019\/03\/recoil-pocketveren-115.jpg?resize=525%2C300 1.5x, https:\/\/i0.wp.com\/allsleep.be\/wp-content\/uploads\/2019\/03\/recoil-pocketveren-115.jpg?resize=700%2C400 2x, https:\/\/i0.wp.com\/allsleep.be\/wp-content\/uploads\/2019\/03\/recoil-pocketveren-115.jpg?resize=1050%2C600 3x"},"classes":[]},{"id":213,"url":"https:\/\/allsleep.be\/?page_id=213","url_meta":{"origin":261,"position":4},"title":"Natuurlatex","author":"allsleep","date":"november 18, 2014","format":false,"excerpt":"\u00a0 \u00a0 Natuurlatex Natuurlatex wordt gemaakt van het sap van de rubberboom. Ook autobanden en condooms zijn vervaardigd van dit materiaal. Een natuurlatexmatras bestaat voor 50 tot 95 procent uit natuurlijk rubber, aangevuld met andere stoffen, onder meer om het materiaal blijvend elastisch te houden. Matrassen met een hoog gehalte\u2026","rel":"","context":"In &quot;Matrassen&quot;","block_context":{"text":"Matrassen","link":"https:\/\/allsleep.be\/?cat=6"},"img":{"alt_text":"","src":"","width":0,"height":0},"classes":[]},{"id":255,"url":"https:\/\/allsleep.be\/?page_id=255","url_meta":{"origin":261,"position":5},"title":"Polyethermatras","author":"allsleep","date":"november 18, 2014","format":false,"excerpt":"Polyethermatrassen Polyether is een synthetisch schuim dat opgebouwd is uit miljoenen cellen. Matrassen met polyetherschuim hebben een goede warmte-isolatie, maar een matige vochtdoorlating en conformiteit. Door hun geringe gewicht zijn ze wel eenvoudig te hanteren. De minimale dikte voor een matras met een redelijke schuimkwaliteit is 14 cm. De dichtheid\u2026","rel":"","context":"In &quot;Matrassen&quot;","block_context":{"text":"Matrassen","link":"https:\/\/allsleep.be\/?cat=6"},"img":{"alt_text":"","src":"","width":0,"height":0},"classes":[]}],"jetpack_sharing_enabled":true,"_links":{"self":[{"href":"https:\/\/allsleep.be\/index.php?rest_route=\/wp\/v2\/pages\/261","targetHints":{"allow":["GET"]}}],"collection":[{"href":"https:\/\/allsleep.be\/index.php?rest_route=\/wp\/v2\/pages"}],"about":[{"href":"https:\/\/allsleep.be\/index.php?rest_route=\/wp\/v2\/types\/page"}],"author":[{"embeddable":true,"href":"https:\/\/allsleep.be\/index.php?rest_route=\/wp\/v2\/users\/1"}],"replies":[{"embeddable":true,"href":"https:\/\/allsleep.be\/index.php?rest_route=%2Fwp%2Fv2%2Fcomments&post=261"}],"version-history":[{"count":3,"href":"https:\/\/allsleep.be\/index.php?rest_route=\/wp\/v2\/pages\/261\/revisions"}],"predecessor-version":[{"id":266,"href":"https:\/\/allsleep.be\/index.php?rest_route=\/wp\/v2\/pages\/261\/revisions\/266"}],"wp:attachment":[{"href":"https:\/\/allsleep.be\/index.php?rest_route=%2Fwp%2Fv2%2Fmedia&parent=261"}],"wp:term":[{"taxonomy":"category","embeddable":true,"href":"https:\/\/allsleep.be\/index.php?rest_route=%2Fwp%2Fv2%2Fcategories&post=261"},{"taxonomy":"post_tag","embeddable":true,"href":"https:\/\/allsleep.be\/index.php?rest_route=%2Fwp%2Fv2%2Ftags&post=261"}],"curies":[{"name":"wp","href":"https:\/\/api.w.org\/{rel}","templated":true}]}}