{"id":526,"date":"2015-01-28T09:23:42","date_gmt":"2015-01-28T09:23:42","guid":{"rendered":"http:\/\/allsleep.be\/?page_id=526"},"modified":"2015-01-28T09:28:42","modified_gmt":"2015-01-28T09:28:42","slug":"matrasbeschermers","status":"publish","type":"page","link":"https:\/\/allsleep.be\/?page_id=526","title":{"rendered":"Matrasbeschermers"},"content":{"rendered":"<p>Beschermers<\/p>\n<p>Wij werken met verschillende soorten matrasbeschermers die beschikbaar zijn in alle\u00a0gebruikelijke afmetingen (ook eventueel maatwerk):<\/p>\n<h2>Moltons<\/h2>\n<p>zijn de meest gebruikte soorten. Meestal zit er stretch verwerkt in de hedendaagse moltons om ze beter te laten aansluiten\u00a0aan de vorm van de matras. Ook voor uw kussen kunt u een moltonbeschermer krijgen. Ze bestaan in alle gebruikelijke kussenformaten; 40&#215;60, 60&#215;60, 50&#215;70&#8230;<\/p>\n<h2>Geplastifi\u00eberde beschermers<\/h2>\n<p>gebruikt men enkel voor jonge kinderen of voor oudere mensen omdat deze helemaal geen vocht doorlaten en dus\u00a0prima geschikt zijn bij kleine &#8216;accidentjes&#8217;.<\/p>\n<h2>Aerosleep<\/h2>\n<p>Iedereen vindt het belangrijk om comfortabel te slapen. Maar voor velen kan de temperatuur in bed ondraaglijk warm worden en is luchtig slapen nog steeds een droom.<br \/>\nAeroSleep helpt echter uw lichaamstemperatuur beter onder controle te houden en het nachtelijk zweten tegen te gaan. De luchtdoorlaatbare matrasoplegger draagt meer dan 2.000 kg. Uw lichaam komt\u00a0zo nergens in contact met de matras, waardoor onder uw lichaam de lucht vrij circuleert. Overtollige transpiratie verdampt op die manier moeiteloos waardoor uw lichaam zijn ideale temperatuur behoudt.<br \/>\nSterk nieuws als u weet dat de mens gemiddeld per nacht meer dan\u00a033 cl\u00a0vocht verliest. Wie vlug zweet, weet hoe de slaapkwaliteit hieronder kan lijden.<\/p>\n<h3>Voordelen van Aerosleep<\/h3>\n<p>De maximale luchtcirculatie verbetert het slaapcomfort van mensen die gemakkelijk zweten in bed. De lichaamstemperatuur wordt namelijk beter onder controle gehouden. Dit biedt meerdere verbeteringen:<br \/>\n&#8211; Uw lichaamstemperatuur blijft beter onder controle en het nachtelijk zweten vermindert aanzienlijk.<br \/>\n&#8211; Uw lakens, hoofdkussen en matras blijven droog en fris tot de ochtend.<br \/>\n&#8211; Huidirritaties verminderen.<br \/>\nOp de 3D-structuur van de Aerosleep Adult Original\u00a0is bij de Aerosleep Adult Coolmax een extra laag stof genaaid om het ligcomfort extra te verhogen. Bovendien verdampt het zweet hier nog sneller door.<\/p>\n<div class=\"main-right\">\n<p>&nbsp;<\/p>\n<p>De Aerosleep Adult Original bestaat uit een luchtdoorlaatbare 3D-honingraatstructuur. Dankzij deze maximale lichtcirculatie wordt overmatige transpiratie aanzienlijk verminderd en houdt men zijn lichaamstemperatuur beter onder controle.<\/p>\n<p>&nbsp;<\/p>\n<p>Aerosleep Adult Coolmax bestaat uit een luchtdoorlaatbare 3D-honingraatstructuur. Dankzij deze maximale lichtcirculatie wordt overmatige transpiratie aanzienlijk verminderd en houdt men zijn lichaamstemperatuur beter onder controle. Op deze structuur ligt een witte<strong> Coolmax<\/strong>-stof, zoals een hoeslaken, die zorgt voor extra zacht ligcomfort.<\/p>\n<\/div>\n","protected":false},"excerpt":{"rendered":"<p>Beschermers Wij werken met verschillende soorten matrasbeschermers die beschikbaar zijn in alle\u00a0gebruikelijke afmetingen (ook eventueel maatwerk): Moltons zijn de meest gebruikte soorten. Meestal zit er stretch verwerkt in de hedendaagse moltons om ze beter te laten aansluiten\u00a0aan de vorm van de matras. Ook voor uw kussen kunt u een moltonbeschermer krijgen. Ze bestaan in alle &hellip; <a href=\"https:\/\/allsleep.be\/?page_id=526\" class=\"more-link\">Lees verder <span class=\"screen-reader-text\">Matrasbeschermers<\/span> <span class=\"meta-nav\">&rarr;<\/span><\/a><\/p>\n","protected":false},"author":1,"featured_media":0,"parent":0,"menu_order":0,"comment_status":"closed","ping_status":"closed","template":"","meta":{"_exactmetrics_skip_tracking":false,"_exactmetrics_sitenote_active":false,"_exactmetrics_sitenote_note":"","_exactmetrics_sitenote_category":0,"jetpack_post_was_ever_published":false,"two_page_speed":[],"footnotes":""},"categories":[],"tags":[],"class_list":["post-526","page","type-page","status-publish","hentry"],"jetpack_shortlink":"https:\/\/wp.me\/P5fuMi-8u","jetpack_likes_enabled":true,"jetpack-related-posts":[{"id":503,"url":"https:\/\/allsleep.be\/?page_id=503","url_meta":{"origin":526,"position":0},"title":"Brinkhaus dekbedden","author":"allsleep","date":"januari 25, 2015","format":false,"excerpt":"Dekbed met dons of wol gevuld.\u00a0 Een dons dekbed wordt gevuld met dons en veertjes. De veertjes maken dat het dekbed niet gaat samenklitten, terwijl het dons zorgt voor isolatie van de lichaamswarmte. Een echt donzen dekbed bestaat voor minstens uit 65% dons. Een donspercentage van 95% is het maximum.\u2026","rel":"","context":"Soortgelijk bericht","block_context":{"text":"Soortgelijk bericht","link":""},"img":{"alt_text":"","src":"https:\/\/i0.wp.com\/allsleep.be\/wp-content\/uploads\/2014\/10\/p_14.jpg?resize=350%2C200&ssl=1","width":350,"height":200,"srcset":"https:\/\/i0.wp.com\/allsleep.be\/wp-content\/uploads\/2014\/10\/p_14.jpg?resize=350%2C200&ssl=1 1x, https:\/\/i0.wp.com\/allsleep.be\/wp-content\/uploads\/2014\/10\/p_14.jpg?resize=525%2C300&ssl=1 1.5x"},"classes":[]},{"id":532,"url":"https:\/\/allsleep.be\/?page_id=532","url_meta":{"origin":526,"position":1},"title":"Hoofdkussens","author":"allsleep","date":"januari 28, 2015","format":false,"excerpt":"Nekklachten Een belangrijke voorwaarde voor en gezonde nachtrust is een kwalitatief slaapsysteem.\u00a0 En dat bestaat niet alleen uit een aangepaste bodem en matras, maar ook uit een hoofdkussen dat bij u past.\u00a0 Iedere slaper heeft een eigen slaapprofiel en kiest dus beter een hoofdkussen dat hierop is afgestemd.\u00a0 Afhankelijk van\u2026","rel":"","context":"Soortgelijk bericht","block_context":{"text":"Soortgelijk bericht","link":""},"img":{"alt_text":"","src":"https:\/\/i0.wp.com\/allsleep.be\/wp-content\/uploads\/2014\/10\/p_28.jpg?resize=350%2C200&ssl=1","width":350,"height":200,"srcset":"https:\/\/i0.wp.com\/allsleep.be\/wp-content\/uploads\/2014\/10\/p_28.jpg?resize=350%2C200&ssl=1 1x, https:\/\/i0.wp.com\/allsleep.be\/wp-content\/uploads\/2014\/10\/p_28.jpg?resize=525%2C300&ssl=1 1.5x"},"classes":[]},{"id":333,"url":"https:\/\/allsleep.be\/?page_id=333","url_meta":{"origin":526,"position":2},"title":"Gezond slapen","author":"allsleep","date":"december 3, 2014","format":false,"excerpt":"Of we nu staan, zitten, liggen, om rugpijn te vermijden moet de normale kromming van de rug zo goed mogelijk worden gerespecteerd. Als dat niet het geval is kunnen de tussenwervelschijven beschadigd worden, zodat de belasting niet goed kan worden opgevangen. Er zijn heel wat hulpmiddelen die bestaande pijn kunnen\u2026","rel":"","context":"Soortgelijk bericht","block_context":{"text":"Soortgelijk bericht","link":""},"img":{"alt_text":"","src":"https:\/\/i0.wp.com\/allsleep.be\/wp-content\/uploads\/2014\/10\/imagesGYZHPMB7.jpg?resize=350%2C200","width":350,"height":200},"classes":[]},{"id":185,"url":"https:\/\/allsleep.be\/?page_id=185","url_meta":{"origin":526,"position":3},"title":"Schuimmatrassen","author":"allsleep","date":"november 4, 2014","format":false,"excerpt":"De kern van een schuimmatras bestaat uit \u00e9\u00e9n groot blok schuim. We bekijken dadelijk hoe dat schuim eruitziet en welke soorten er allemaal bestaan, maar eerst sommen we de factoren op die bepalend zijn voor de kwaliteit van de matras. 1. Dichtheid Onder de dichtheid of densiteit verstaan we het\u2026","rel":"","context":"In &quot;Matrassen&quot;","block_context":{"text":"Matrassen","link":"https:\/\/allsleep.be\/?cat=6"},"img":{"alt_text":"","src":"https:\/\/i0.wp.com\/allsleep.be\/wp-content\/uploads\/2014\/11\/schuimrubber-300x240.jpg?resize=350%2C200","width":350,"height":200},"classes":[]},{"id":107,"url":"https:\/\/allsleep.be\/?page_id=107","url_meta":{"origin":526,"position":4},"title":"De basics van een goed bed","author":"allsleep","date":"november 4, 2014","format":false,"excerpt":"\u00a0 Conformiteit, hardheid, warmte-isolatie en vochtregulatie : die vier eigenschappen van het bed zijn fundamenteel voor een goede nachtrust. Conformiteit Conformiteit geeft aan hoe goed je slaapsysteem zich aanpast aan je lichaamsvormen, rekening houdend met de verdeling van je gewicht over je lichaam. Hardheid Hardheid geeft aan hoe diep we\u2026","rel":"","context":"In &quot;Gezond slapen&quot;","block_context":{"text":"Gezond slapen","link":"https:\/\/allsleep.be\/?cat=1"},"img":{"alt_text":"","src":"https:\/\/i0.wp.com\/allsleep.be\/wp-content\/uploads\/2019\/03\/basica.jpg?resize=350%2C200","width":350,"height":200,"srcset":"https:\/\/i0.wp.com\/allsleep.be\/wp-content\/uploads\/2019\/03\/basica.jpg?resize=350%2C200 1x, https:\/\/i0.wp.com\/allsleep.be\/wp-content\/uploads\/2019\/03\/basica.jpg?resize=525%2C300 1.5x, https:\/\/i0.wp.com\/allsleep.be\/wp-content\/uploads\/2019\/03\/basica.jpg?resize=700%2C400 2x, https:\/\/i0.wp.com\/allsleep.be\/wp-content\/uploads\/2019\/03\/basica.jpg?resize=1050%2C600 3x"},"classes":[]},{"id":138,"url":"https:\/\/allsleep.be\/?page_id=138","url_meta":{"origin":526,"position":5},"title":"Verenmatrassen","author":"allsleep","date":"november 4, 2014","format":false,"excerpt":"\u00a0 Recoil\u00ae Pocketveren De\u00a0Recoil\u00ae-veren zijn tonvormig en behouden onder elke hoekbelasting dezelfde prestaties: krachtig, evenredige en bl\u0133vende hypertensie of terugveerkracht. Ze garanderen een maximale ondersteuning t\u0133dens het slapen en een begeleidende stuwkracht t\u0133dens het bewegen in de slaap. De speciale voorspanning gaat bovendien kuilvorming tegen. Recoil\u00ae tonvormig individuele werking bevat\u2026","rel":"","context":"In &quot;Matrassen&quot;","block_context":{"text":"Matrassen","link":"https:\/\/allsleep.be\/?cat=6"},"img":{"alt_text":"","src":"https:\/\/i0.wp.com\/allsleep.be\/wp-content\/uploads\/2019\/03\/recoil-pocketveren-115.jpg?resize=350%2C200","width":350,"height":200,"srcset":"https:\/\/i0.wp.com\/allsleep.be\/wp-content\/uploads\/2019\/03\/recoil-pocketveren-115.jpg?resize=350%2C200 1x, https:\/\/i0.wp.com\/allsleep.be\/wp-content\/uploads\/2019\/03\/recoil-pocketveren-115.jpg?resize=525%2C300 1.5x, https:\/\/i0.wp.com\/allsleep.be\/wp-content\/uploads\/2019\/03\/recoil-pocketveren-115.jpg?resize=700%2C400 2x, https:\/\/i0.wp.com\/allsleep.be\/wp-content\/uploads\/2019\/03\/recoil-pocketveren-115.jpg?resize=1050%2C600 3x"},"classes":[]}],"jetpack_sharing_enabled":true,"_links":{"self":[{"href":"https:\/\/allsleep.be\/index.php?rest_route=\/wp\/v2\/pages\/526","targetHints":{"allow":["GET"]}}],"collection":[{"href":"https:\/\/allsleep.be\/index.php?rest_route=\/wp\/v2\/pages"}],"about":[{"href":"https:\/\/allsleep.be\/index.php?rest_route=\/wp\/v2\/types\/page"}],"author":[{"embeddable":true,"href":"https:\/\/allsleep.be\/index.php?rest_route=\/wp\/v2\/users\/1"}],"replies":[{"embeddable":true,"href":"https:\/\/allsleep.be\/index.php?rest_route=%2Fwp%2Fv2%2Fcomments&post=526"}],"version-history":[{"count":2,"href":"https:\/\/allsleep.be\/index.php?rest_route=\/wp\/v2\/pages\/526\/revisions"}],"predecessor-version":[{"id":531,"href":"https:\/\/allsleep.be\/index.php?rest_route=\/wp\/v2\/pages\/526\/revisions\/531"}],"wp:attachment":[{"href":"https:\/\/allsleep.be\/index.php?rest_route=%2Fwp%2Fv2%2Fmedia&parent=526"}],"wp:term":[{"taxonomy":"category","embeddable":true,"href":"https:\/\/allsleep.be\/index.php?rest_route=%2Fwp%2Fv2%2Fcategories&post=526"},{"taxonomy":"post_tag","embeddable":true,"href":"https:\/\/allsleep.be\/index.php?rest_route=%2Fwp%2Fv2%2Ftags&post=526"}],"curies":[{"name":"wp","href":"https:\/\/api.w.org\/{rel}","templated":true}]}}