{"id":75,"date":"2014-10-22T12:32:02","date_gmt":"2014-10-22T12:32:02","guid":{"rendered":"http:\/\/allsleep.be\/?page_id=75"},"modified":"2015-01-16T10:27:12","modified_gmt":"2015-01-16T10:27:12","slug":"allergie","status":"publish","type":"page","link":"https:\/\/allsleep.be\/?page_id=75","title":{"rendered":"Allergie en huisstofmijten"},"content":{"rendered":"<figure id=\"attachment_133\" aria-describedby=\"caption-attachment-133\" style=\"width: 276px\" class=\"wp-caption alignright\"><a href=\"http:\/\/allsleep.be\/wp-content\/uploads\/2014\/11\/huisstofmijt.png\"><img loading=\"lazy\" decoding=\"async\" data-attachment-id=\"133\" data-permalink=\"https:\/\/allsleep.be\/?attachment_id=133\" data-orig-file=\"https:\/\/allsleep.be\/wp-content\/uploads\/2014\/11\/huisstofmijt.png\" data-orig-size=\"276,182\" data-comments-opened=\"0\" data-image-meta=\"{&quot;aperture&quot;:&quot;0&quot;,&quot;credit&quot;:&quot;&quot;,&quot;camera&quot;:&quot;&quot;,&quot;caption&quot;:&quot;&quot;,&quot;created_timestamp&quot;:&quot;0&quot;,&quot;copyright&quot;:&quot;&quot;,&quot;focal_length&quot;:&quot;0&quot;,&quot;iso&quot;:&quot;0&quot;,&quot;shutter_speed&quot;:&quot;0&quot;,&quot;title&quot;:&quot;&quot;,&quot;orientation&quot;:&quot;0&quot;}\" data-image-title=\"huisstofmijt\" data-image-description=\"\" data-image-caption=\"\" data-medium-file=\"https:\/\/allsleep.be\/wp-content\/uploads\/2014\/11\/huisstofmijt.png\" data-large-file=\"https:\/\/allsleep.be\/wp-content\/uploads\/2014\/11\/huisstofmijt.png\" class=\"wp-image-133 size-full\" src=\"http:\/\/allsleep.be\/wp-content\/uploads\/2014\/11\/huisstofmijt.png\" alt=\"huisstofmijt\" width=\"276\" height=\"182\" \/><\/a><figcaption id=\"caption-attachment-133\" class=\"wp-caption-text\">huisstofmijt<\/figcaption><\/figure>\n<p>Steeds meer mensen hebben last van allergie\u00ebn. Ademhalingsallergie\u00ebn zijn intussen de meest verspreide vorm van allergie\u00ebn ter wereld en treffen 20 tot 30 procent van de Europeanen; 5 tot 12 procent van hen hebben last van allergische astma. Voor een deel zijn die te wijten aan onze woonomgeving : wetenschappers noemen onder meer luchtverontreiniging, binnenskamers roken en toenemende warmte-isolatie gecombineerd met een te beperkte ventilatie. Meer specifiek wordt al jaren onderzoek verricht naar allergie\u00ebn die voortkomen uit de slaapomgeving en het slaapsysteem. Dat heeft tot strategie\u00ebn geleid om huisstofmijten en andere micro-organismen in het bed onder controle te houden<\/p>\n","protected":false},"excerpt":{"rendered":"<p>Steeds meer mensen hebben last van allergie\u00ebn. Ademhalingsallergie\u00ebn zijn intussen de meest verspreide vorm van allergie\u00ebn ter wereld en treffen 20 tot 30 procent van de Europeanen; 5 tot 12 procent van hen hebben last van allergische astma. Voor een deel zijn die te wijten aan onze woonomgeving : wetenschappers noemen onder meer luchtverontreiniging, binnenskamers &hellip; <a href=\"https:\/\/allsleep.be\/?page_id=75\" class=\"more-link\">Lees verder <span class=\"screen-reader-text\">Allergie en huisstofmijten<\/span> <span class=\"meta-nav\">&rarr;<\/span><\/a><\/p>\n","protected":false},"author":1,"featured_media":0,"parent":0,"menu_order":0,"comment_status":"closed","ping_status":"closed","template":"","meta":{"_exactmetrics_skip_tracking":false,"_exactmetrics_sitenote_active":false,"_exactmetrics_sitenote_note":"","_exactmetrics_sitenote_category":0,"jetpack_post_was_ever_published":false,"two_page_speed":[],"footnotes":""},"categories":[1],"tags":[],"class_list":["post-75","page","type-page","status-publish","hentry","category-gezond-slapen"],"jetpack_shortlink":"https:\/\/wp.me\/P5fuMi-1d","jetpack_likes_enabled":true,"jetpack-related-posts":[{"id":213,"url":"https:\/\/allsleep.be\/?page_id=213","url_meta":{"origin":75,"position":0},"title":"Natuurlatex","author":"allsleep","date":"november 18, 2014","format":false,"excerpt":"\u00a0 \u00a0 Natuurlatex Natuurlatex wordt gemaakt van het sap van de rubberboom. Ook autobanden en condooms zijn vervaardigd van dit materiaal. Een natuurlatexmatras bestaat voor 50 tot 95 procent uit natuurlijk rubber, aangevuld met andere stoffen, onder meer om het materiaal blijvend elastisch te houden. Matrassen met een hoog gehalte\u2026","rel":"","context":"In &quot;Matrassen&quot;","block_context":{"text":"Matrassen","link":"https:\/\/allsleep.be\/?cat=6"},"img":{"alt_text":"","src":"","width":0,"height":0},"classes":[]},{"id":532,"url":"https:\/\/allsleep.be\/?page_id=532","url_meta":{"origin":75,"position":1},"title":"Hoofdkussens","author":"allsleep","date":"januari 28, 2015","format":false,"excerpt":"Nekklachten Een belangrijke voorwaarde voor en gezonde nachtrust is een kwalitatief slaapsysteem.\u00a0 En dat bestaat niet alleen uit een aangepaste bodem en matras, maar ook uit een hoofdkussen dat bij u past.\u00a0 Iedere slaper heeft een eigen slaapprofiel en kiest dus beter een hoofdkussen dat hierop is afgestemd.\u00a0 Afhankelijk van\u2026","rel":"","context":"Soortgelijk bericht","block_context":{"text":"Soortgelijk bericht","link":""},"img":{"alt_text":"","src":"https:\/\/i0.wp.com\/allsleep.be\/wp-content\/uploads\/2014\/10\/p_28.jpg?resize=350%2C200&ssl=1","width":350,"height":200,"srcset":"https:\/\/i0.wp.com\/allsleep.be\/wp-content\/uploads\/2014\/10\/p_28.jpg?resize=350%2C200&ssl=1 1x, https:\/\/i0.wp.com\/allsleep.be\/wp-content\/uploads\/2014\/10\/p_28.jpg?resize=525%2C300&ssl=1 1.5x"},"classes":[]},{"id":107,"url":"https:\/\/allsleep.be\/?page_id=107","url_meta":{"origin":75,"position":2},"title":"De basics van een goed bed","author":"allsleep","date":"november 4, 2014","format":false,"excerpt":"\u00a0 Conformiteit, hardheid, warmte-isolatie en vochtregulatie : die vier eigenschappen van het bed zijn fundamenteel voor een goede nachtrust. Conformiteit Conformiteit geeft aan hoe goed je slaapsysteem zich aanpast aan je lichaamsvormen, rekening houdend met de verdeling van je gewicht over je lichaam. Hardheid Hardheid geeft aan hoe diep we\u2026","rel":"","context":"In &quot;Gezond slapen&quot;","block_context":{"text":"Gezond slapen","link":"https:\/\/allsleep.be\/?cat=1"},"img":{"alt_text":"","src":"https:\/\/i0.wp.com\/allsleep.be\/wp-content\/uploads\/2019\/03\/basica.jpg?resize=350%2C200","width":350,"height":200,"srcset":"https:\/\/i0.wp.com\/allsleep.be\/wp-content\/uploads\/2019\/03\/basica.jpg?resize=350%2C200 1x, https:\/\/i0.wp.com\/allsleep.be\/wp-content\/uploads\/2019\/03\/basica.jpg?resize=525%2C300 1.5x, https:\/\/i0.wp.com\/allsleep.be\/wp-content\/uploads\/2019\/03\/basica.jpg?resize=700%2C400 2x, https:\/\/i0.wp.com\/allsleep.be\/wp-content\/uploads\/2019\/03\/basica.jpg?resize=1050%2C600 3x"},"classes":[]},{"id":526,"url":"https:\/\/allsleep.be\/?page_id=526","url_meta":{"origin":75,"position":3},"title":"Matrasbeschermers","author":"allsleep","date":"januari 28, 2015","format":false,"excerpt":"Beschermers Wij werken met verschillende soorten matrasbeschermers die beschikbaar zijn in alle\u00a0gebruikelijke afmetingen (ook eventueel maatwerk): Moltons zijn de meest gebruikte soorten. Meestal zit er stretch verwerkt in de hedendaagse moltons om ze beter te laten aansluiten\u00a0aan de vorm van de matras. Ook voor uw kussen kunt u een moltonbeschermer\u2026","rel":"","context":"Soortgelijk bericht","block_context":{"text":"Soortgelijk bericht","link":""},"img":{"alt_text":"","src":"","width":0,"height":0},"classes":[]},{"id":138,"url":"https:\/\/allsleep.be\/?page_id=138","url_meta":{"origin":75,"position":4},"title":"Verenmatrassen","author":"allsleep","date":"november 4, 2014","format":false,"excerpt":"\u00a0 Recoil\u00ae Pocketveren De\u00a0Recoil\u00ae-veren zijn tonvormig en behouden onder elke hoekbelasting dezelfde prestaties: krachtig, evenredige en bl\u0133vende hypertensie of terugveerkracht. Ze garanderen een maximale ondersteuning t\u0133dens het slapen en een begeleidende stuwkracht t\u0133dens het bewegen in de slaap. De speciale voorspanning gaat bovendien kuilvorming tegen. Recoil\u00ae tonvormig individuele werking bevat\u2026","rel":"","context":"In &quot;Matrassen&quot;","block_context":{"text":"Matrassen","link":"https:\/\/allsleep.be\/?cat=6"},"img":{"alt_text":"","src":"https:\/\/i0.wp.com\/allsleep.be\/wp-content\/uploads\/2019\/03\/recoil-pocketveren-115.jpg?resize=350%2C200","width":350,"height":200,"srcset":"https:\/\/i0.wp.com\/allsleep.be\/wp-content\/uploads\/2019\/03\/recoil-pocketveren-115.jpg?resize=350%2C200 1x, https:\/\/i0.wp.com\/allsleep.be\/wp-content\/uploads\/2019\/03\/recoil-pocketveren-115.jpg?resize=525%2C300 1.5x, https:\/\/i0.wp.com\/allsleep.be\/wp-content\/uploads\/2019\/03\/recoil-pocketveren-115.jpg?resize=700%2C400 2x, https:\/\/i0.wp.com\/allsleep.be\/wp-content\/uploads\/2019\/03\/recoil-pocketveren-115.jpg?resize=1050%2C600 3x"},"classes":[]},{"id":248,"url":"https:\/\/allsleep.be\/?page_id=248","url_meta":{"origin":75,"position":5},"title":"Boxsprings","author":"allsleep","date":"november 18, 2014","format":false,"excerpt":"Boxspring Een boxspring - ook weleens springbak of ressortbak genoemd - is een onderconstructie in een houten frame met een groot aantal verticale binnenveren. De binnenvering wordt meestal afgedekt met een aantal toplagen, waaronder drukverdeler en schuim. Daaromheen komt nog een hoes of tijk. Je plaatst er poten onder, en\u2026","rel":"","context":"In &quot;Bedbodems&quot;","block_context":{"text":"Bedbodems","link":"https:\/\/allsleep.be\/?cat=9"},"img":{"alt_text":"","src":"","width":0,"height":0},"classes":[]}],"jetpack_sharing_enabled":true,"_links":{"self":[{"href":"https:\/\/allsleep.be\/index.php?rest_route=\/wp\/v2\/pages\/75","targetHints":{"allow":["GET"]}}],"collection":[{"href":"https:\/\/allsleep.be\/index.php?rest_route=\/wp\/v2\/pages"}],"about":[{"href":"https:\/\/allsleep.be\/index.php?rest_route=\/wp\/v2\/types\/page"}],"author":[{"embeddable":true,"href":"https:\/\/allsleep.be\/index.php?rest_route=\/wp\/v2\/users\/1"}],"replies":[{"embeddable":true,"href":"https:\/\/allsleep.be\/index.php?rest_route=%2Fwp%2Fv2%2Fcomments&post=75"}],"version-history":[{"count":5,"href":"https:\/\/allsleep.be\/index.php?rest_route=\/wp\/v2\/pages\/75\/revisions"}],"predecessor-version":[{"id":433,"href":"https:\/\/allsleep.be\/index.php?rest_route=\/wp\/v2\/pages\/75\/revisions\/433"}],"wp:attachment":[{"href":"https:\/\/allsleep.be\/index.php?rest_route=%2Fwp%2Fv2%2Fmedia&parent=75"}],"wp:term":[{"taxonomy":"category","embeddable":true,"href":"https:\/\/allsleep.be\/index.php?rest_route=%2Fwp%2Fv2%2Fcategories&post=75"},{"taxonomy":"post_tag","embeddable":true,"href":"https:\/\/allsleep.be\/index.php?rest_route=%2Fwp%2Fv2%2Ftags&post=75"}],"curies":[{"name":"wp","href":"https:\/\/api.w.org\/{rel}","templated":true}]}}