{"id":805,"date":"2016-11-05T10:10:02","date_gmt":"2016-11-05T10:10:02","guid":{"rendered":"http:\/\/allsleep.be\/?page_id=805"},"modified":"2019-03-09T12:10:03","modified_gmt":"2019-03-09T12:10:03","slug":"i-bed-veersysteem","status":"publish","type":"page","link":"https:\/\/allsleep.be\/?page_id=805","title":{"rendered":"Mybed veersysteem"},"content":{"rendered":"<p><a href=\"http:\/\/allsleep.be\/?attachment_id=1171\" rel=\"attachment wp-att-1171\"><img loading=\"lazy\" decoding=\"async\" data-attachment-id=\"1171\" data-permalink=\"https:\/\/allsleep.be\/?attachment_id=1171\" data-orig-file=\"https:\/\/allsleep.be\/wp-content\/uploads\/2019\/03\/photo-122-e1552133130967.jpg\" data-orig-size=\"1164,876\" data-comments-opened=\"0\" data-image-meta=\"{&quot;aperture&quot;:&quot;0&quot;,&quot;credit&quot;:&quot;&quot;,&quot;camera&quot;:&quot;&quot;,&quot;caption&quot;:&quot;&quot;,&quot;created_timestamp&quot;:&quot;0&quot;,&quot;copyright&quot;:&quot;&quot;,&quot;focal_length&quot;:&quot;0&quot;,&quot;iso&quot;:&quot;0&quot;,&quot;shutter_speed&quot;:&quot;0&quot;,&quot;title&quot;:&quot;&quot;,&quot;orientation&quot;:&quot;0&quot;}\" data-image-title=\"photo-122\" data-image-description=\"\" data-image-caption=\"\" data-medium-file=\"https:\/\/allsleep.be\/wp-content\/uploads\/2019\/03\/photo-122-e1552133130967-300x226.jpg\" data-large-file=\"https:\/\/allsleep.be\/wp-content\/uploads\/2019\/03\/photo-122-e1552133130967-1024x771.jpg\" class=\"wp-image-1171 alignright\" src=\"http:\/\/allsleep.be\/wp-content\/uploads\/2019\/03\/photo-122-e1552133130967.jpg\" alt=\"\" width=\"310\" height=\"233\" srcset=\"https:\/\/allsleep.be\/wp-content\/uploads\/2019\/03\/photo-122-e1552133130967.jpg 1164w, https:\/\/allsleep.be\/wp-content\/uploads\/2019\/03\/photo-122-e1552133130967-300x226.jpg 300w, https:\/\/allsleep.be\/wp-content\/uploads\/2019\/03\/photo-122-e1552133130967-768x578.jpg 768w, https:\/\/allsleep.be\/wp-content\/uploads\/2019\/03\/photo-122-e1552133130967-1024x771.jpg 1024w\" sizes=\"auto, (max-width: 310px) 100vw, 310px\" \/><\/a><\/p>\n<p>&nbsp;<\/p>\n<p>Dit uniek veersysteem van druk en tegendruk zorgt altijd voor de juiste slaaphouding. De zelfregulerende bedbodem, beweegt ongemerkt mee met elke beweging en ondersteunt uw lichaam perfect in elke slaaphouding.<\/p>\n<p>De interactieve bedbodem maakt gebruik van latten die door \u00a0 \u00a0 \u00a0 \u00a0 \u00a0 \u00a03D-elementen worden aangestuurd en is verkrijgbaar als klassieke bedbodem, maar ook als box. De interactieve box heeft volledig dezelfde werking, maar refereert met zijn uiterlijk aan de klassieke boxspring-bedsystemen<\/p>\n<p>*Veersysteem werkt zoals een wip<\/p>\n<p>* Neerwaartse druk in een zone zorgt voor tegendruk in de \u00a0 \u00a0 \u00a0 \u00a0 \u00a0 \u00a0 \u00a0 \u00a0 \u00a0 \u00a0 \u00a0 \u00a0 \u00a0 aanliggende zone<\/p>\n<p>* Zorgt voor een natuurlijke lichaamsbalans<\/p>\n<p>* Ergonomisch verantwoord<\/p>\n<p>* Geen individuele zone-instelling nodig, het systeem is \u00a0 \u00a0 \u00a0 \u00a0 \u00a0 \u00a0 \u00a0 \u00a0 \u00a0 \u00a0 \u00a0 \u00a0 \u00a0 \u00a0 \u00a0 \u00a0 \u00a0zelfregulerend<\/p>\n<p>* De ruggenwervel ligt altijd op \u00e9\u00e9n lijn<\/p>\n<p>* De opencelstructuur van de kappen\/rotullen zorgt voor \u00a0extra \u00a0\u00a0 \u00a0 \u00a0 \u00a0 \u00a0\u00a0\u00a0ventilatie van de matras<\/p>\n<p>&nbsp;<\/p>\n","protected":false},"excerpt":{"rendered":"<p>&nbsp; Dit uniek veersysteem van druk en tegendruk zorgt altijd voor de juiste slaaphouding. De zelfregulerende bedbodem, beweegt ongemerkt mee met elke beweging en ondersteunt uw lichaam perfect in elke slaaphouding. De interactieve bedbodem maakt gebruik van latten die door \u00a0 \u00a0 \u00a0 \u00a0 \u00a0 \u00a03D-elementen worden aangestuurd en is verkrijgbaar als klassieke bedbodem, maar &hellip; <a href=\"https:\/\/allsleep.be\/?page_id=805\" class=\"more-link\">Lees verder <span class=\"screen-reader-text\">Mybed veersysteem<\/span> <span class=\"meta-nav\">&rarr;<\/span><\/a><\/p>\n","protected":false},"author":1,"featured_media":0,"parent":0,"menu_order":0,"comment_status":"closed","ping_status":"closed","template":"","meta":{"_exactmetrics_skip_tracking":false,"_exactmetrics_sitenote_active":false,"_exactmetrics_sitenote_note":"","_exactmetrics_sitenote_category":0,"jetpack_post_was_ever_published":false,"two_page_speed":[],"footnotes":""},"categories":[],"tags":[],"class_list":["post-805","page","type-page","status-publish","hentry"],"jetpack_shortlink":"https:\/\/wp.me\/P5fuMi-cZ","jetpack_likes_enabled":true,"jetpack-related-posts":[{"id":800,"url":"https:\/\/allsleep.be\/?page_id=800","url_meta":{"origin":805,"position":0},"title":"i-Bed","author":"allsleep","date":"november 5, 2016","format":false,"excerpt":"Een betere nachtrust door een betere houding. (Made in Belgium) https:\/\/player.vimeo.com\/video\/189893418 'i-Bed' is gebaseerd op een unieke i-Bed lattenbodem die zich naadloos aanpast aan je lichaam. De combinatie met de speciale fullbody viscogel matras garandeert U een hoogstaand gepersonaliseerd slaapcomfort. Een rechte rug = een goede slaaphouding. i-Bed werkt met\u2026","rel":"","context":"Soortgelijk bericht","block_context":{"text":"Soortgelijk bericht","link":""},"img":{"alt_text":"","src":"","width":0,"height":0},"classes":[]},{"id":503,"url":"https:\/\/allsleep.be\/?page_id=503","url_meta":{"origin":805,"position":1},"title":"Brinkhaus dekbedden","author":"allsleep","date":"januari 25, 2015","format":false,"excerpt":"Dekbed met dons of wol gevuld.\u00a0 Een dons dekbed wordt gevuld met dons en veertjes. De veertjes maken dat het dekbed niet gaat samenklitten, terwijl het dons zorgt voor isolatie van de lichaamswarmte. Een echt donzen dekbed bestaat voor minstens uit 65% dons. Een donspercentage van 95% is het maximum.\u2026","rel":"","context":"Soortgelijk bericht","block_context":{"text":"Soortgelijk bericht","link":""},"img":{"alt_text":"","src":"https:\/\/i0.wp.com\/allsleep.be\/wp-content\/uploads\/2014\/10\/p_14.jpg?resize=350%2C200&ssl=1","width":350,"height":200,"srcset":"https:\/\/i0.wp.com\/allsleep.be\/wp-content\/uploads\/2014\/10\/p_14.jpg?resize=350%2C200&ssl=1 1x, https:\/\/i0.wp.com\/allsleep.be\/wp-content\/uploads\/2014\/10\/p_14.jpg?resize=525%2C300&ssl=1 1.5x"},"classes":[]},{"id":208,"url":"https:\/\/allsleep.be\/?page_id=208","url_meta":{"origin":805,"position":2},"title":"Latexmatrassen","author":"allsleep","date":"november 18, 2014","format":false,"excerpt":"\u00a0 Latexmatrassen \u00a0 \u00a0 \u00a0 \u00a0 Latexmatrassen of schuimrubbermatrassen bestaan uit kleine, geschuimde rubberdeeltjes.\u00a0 Matrassen kunnen bestaan uit synthetische latex, natuurlatex of een combinatie van beide.\u00a0\u00a0\u00a0\u00a0\u00a0\u00a0\u00a0\u00a0\u00a0\u00a0 Het\u00a0 productieproces lijkt een beetje op het bakken van wafels: een vloeibare, luchtig opgeklopte massa wordt in een vorm gegoten en gebakken. Warmte-isolatie, vochtregulatie\u2026","rel":"","context":"In &quot;Matrassen&quot;","block_context":{"text":"Matrassen","link":"https:\/\/allsleep.be\/?cat=6"},"img":{"alt_text":"","src":"","width":0,"height":0},"classes":[]},{"id":543,"url":"https:\/\/allsleep.be\/?page_id=543","url_meta":{"origin":805,"position":3},"title":"Gelmatrassen","author":"allsleep","date":"januari 28, 2015","format":false,"excerpt":"Gelmatrassen GEL is een innovatieve mix van hoogelastische gel en luchtdoorlatend high resilience materiaal waarvan de doeltreffendheid bewezen is. Gel geeft een onge\u00ebvenaard slaapcomfort voor iedereen die belang hecht aan een gezonde slaap. Op welke bodem? Gelmatrassen kunnen zowel volledige schuimmatrassen zijn als pocketveermatrassen met Gel als komfortlaag. De keuze\u2026","rel":"","context":"Soortgelijk bericht","block_context":{"text":"Soortgelijk bericht","link":""},"img":{"alt_text":"SA_246383_Large","src":"https:\/\/i0.wp.com\/allsleep.be\/wp-content\/uploads\/2015\/01\/SA_246383_Large.jpg?resize=350%2C200","width":350,"height":200,"srcset":"https:\/\/i0.wp.com\/allsleep.be\/wp-content\/uploads\/2015\/01\/SA_246383_Large.jpg?resize=350%2C200 1x, https:\/\/i0.wp.com\/allsleep.be\/wp-content\/uploads\/2015\/01\/SA_246383_Large.jpg?resize=525%2C300 1.5x"},"classes":[]},{"id":138,"url":"https:\/\/allsleep.be\/?page_id=138","url_meta":{"origin":805,"position":4},"title":"Verenmatrassen","author":"allsleep","date":"november 4, 2014","format":false,"excerpt":"\u00a0 Recoil\u00ae Pocketveren De\u00a0Recoil\u00ae-veren zijn tonvormig en behouden onder elke hoekbelasting dezelfde prestaties: krachtig, evenredige en bl\u0133vende hypertensie of terugveerkracht. Ze garanderen een maximale ondersteuning t\u0133dens het slapen en een begeleidende stuwkracht t\u0133dens het bewegen in de slaap. De speciale voorspanning gaat bovendien kuilvorming tegen. Recoil\u00ae tonvormig individuele werking bevat\u2026","rel":"","context":"In &quot;Matrassen&quot;","block_context":{"text":"Matrassen","link":"https:\/\/allsleep.be\/?cat=6"},"img":{"alt_text":"","src":"https:\/\/i0.wp.com\/allsleep.be\/wp-content\/uploads\/2019\/03\/recoil-pocketveren-115.jpg?resize=350%2C200","width":350,"height":200,"srcset":"https:\/\/i0.wp.com\/allsleep.be\/wp-content\/uploads\/2019\/03\/recoil-pocketveren-115.jpg?resize=350%2C200 1x, https:\/\/i0.wp.com\/allsleep.be\/wp-content\/uploads\/2019\/03\/recoil-pocketveren-115.jpg?resize=525%2C300 1.5x, https:\/\/i0.wp.com\/allsleep.be\/wp-content\/uploads\/2019\/03\/recoil-pocketveren-115.jpg?resize=700%2C400 2x, https:\/\/i0.wp.com\/allsleep.be\/wp-content\/uploads\/2019\/03\/recoil-pocketveren-115.jpg?resize=1050%2C600 3x"},"classes":[]},{"id":526,"url":"https:\/\/allsleep.be\/?page_id=526","url_meta":{"origin":805,"position":5},"title":"Matrasbeschermers","author":"allsleep","date":"januari 28, 2015","format":false,"excerpt":"Beschermers Wij werken met verschillende soorten matrasbeschermers die beschikbaar zijn in alle\u00a0gebruikelijke afmetingen (ook eventueel maatwerk): Moltons zijn de meest gebruikte soorten. Meestal zit er stretch verwerkt in de hedendaagse moltons om ze beter te laten aansluiten\u00a0aan de vorm van de matras. Ook voor uw kussen kunt u een moltonbeschermer\u2026","rel":"","context":"Soortgelijk bericht","block_context":{"text":"Soortgelijk bericht","link":""},"img":{"alt_text":"","src":"","width":0,"height":0},"classes":[]}],"jetpack_sharing_enabled":true,"_links":{"self":[{"href":"https:\/\/allsleep.be\/index.php?rest_route=\/wp\/v2\/pages\/805","targetHints":{"allow":["GET"]}}],"collection":[{"href":"https:\/\/allsleep.be\/index.php?rest_route=\/wp\/v2\/pages"}],"about":[{"href":"https:\/\/allsleep.be\/index.php?rest_route=\/wp\/v2\/types\/page"}],"author":[{"embeddable":true,"href":"https:\/\/allsleep.be\/index.php?rest_route=\/wp\/v2\/users\/1"}],"replies":[{"embeddable":true,"href":"https:\/\/allsleep.be\/index.php?rest_route=%2Fwp%2Fv2%2Fcomments&post=805"}],"version-history":[{"count":8,"href":"https:\/\/allsleep.be\/index.php?rest_route=\/wp\/v2\/pages\/805\/revisions"}],"predecessor-version":[{"id":1182,"href":"https:\/\/allsleep.be\/index.php?rest_route=\/wp\/v2\/pages\/805\/revisions\/1182"}],"wp:attachment":[{"href":"https:\/\/allsleep.be\/index.php?rest_route=%2Fwp%2Fv2%2Fmedia&parent=805"}],"wp:term":[{"taxonomy":"category","embeddable":true,"href":"https:\/\/allsleep.be\/index.php?rest_route=%2Fwp%2Fv2%2Fcategories&post=805"},{"taxonomy":"post_tag","embeddable":true,"href":"https:\/\/allsleep.be\/index.php?rest_route=%2Fwp%2Fv2%2Ftags&post=805"}],"curies":[{"name":"wp","href":"https:\/\/api.w.org\/{rel}","templated":true}]}}